{"id":868,"date":"2019-03-12T20:42:10","date_gmt":"2019-03-12T19:42:10","guid":{"rendered":"https:\/\/anche.website\/?page_id=868"},"modified":"2019-03-12T20:42:10","modified_gmt":"2019-03-12T19:42:10","slug":"transports-en-commun","status":"publish","type":"page","link":"https:\/\/vuarnesson.ovh\/?page_id=868","title":{"rendered":"Transports en commun"},"content":{"rendered":"\n<h3 class=\"wp-block-heading\" id=\"bus\">Le bus<\/h3>\n\n\n\n<p>La ligne <a href=\"https:\/\/transports.nouvelle-aquitaine.fr\/sites\/default\/files\/timetable_files\/NOUVEAU-SPECIAL%20Rentr%C3%A9e-Fiche%20horaire%20Cars%20r%C3%A9gionaux-Chaunay-Poitiers.pdf\" target=\"_blank\" rel=\"noreferrer noopener\">L126 Couh\u00e9-Poitiers<\/a> s&rsquo;arr\u00eate place de la mairie \u00e0 Anch\u00e9 le matin. Plusieurs retours en journ\u00e9e. Horaires et tarifs sur la page <a rel=\"noreferrer noopener\" aria-label=\" (s\u2019ouvre dans un nouvel onglet)\" href=\"http:\/\/www.lignes-en-vienne.fr\/565-les-lignes.htm\" target=\"_blank\">lignes-en-vienne.fr<\/a> <\/p>\n\n\n\n<h3 class=\"wp-block-heading\" id=\"train\">Le train<\/h3>\n\n\n\n<figure class=\"wp-block-image\"><img loading=\"lazy\" decoding=\"async\" width=\"886\" height=\"410\" src=\"https:\/\/vuarnesson.ovh\/wp-content\/uploads\/2019\/05\/gare_anche_voulon.jpg\" alt=\"\" class=\"wp-image-2644\" srcset=\"https:\/\/vuarnesson.ovh\/wp-content\/uploads\/2019\/05\/gare_anche_voulon.jpg 886w, https:\/\/vuarnesson.ovh\/wp-content\/uploads\/2019\/05\/gare_anche_voulon-300x139.jpg 300w, https:\/\/vuarnesson.ovh\/wp-content\/uploads\/2019\/05\/gare_anche_voulon-768x355.jpg 768w\" sizes=\"auto, (max-width: 767px) 89vw, (max-width: 1000px) 54vw, (max-width: 1071px) 543px, 580px\" \/><\/figure>\n\n\n\n<p>La gare d&rsquo;Anch\u00e9-Voulon (\u00e0 Villenon exactement, entre le bourg d&rsquo;Anch\u00e9 et Voulon) est sur la ligne du TER Angoul\u00eame \/ Poitiers.<br>La ligne fonctionne gr\u00e2ce aux abonn\u00e9s et la gare est utilis\u00e9e tous les jours par un nombre croissant de voyageurs qui se rendent quotidiennement \u00e0 Poitiers pour leur travail ou leurs \u00e9tudes. <br>ANCH\u00c9-VOULON &#8211; POITIERS en moins de 30 minutes.<br>A la gare d&rsquo;Anch\u00e9-Voulon, le billet s&rsquo;ach\u00e8te dans le train aupr\u00e8s du contr\u00f4leur et le parking est gratuit.<br>Horaires et tarifs sur <a rel=\"noreferrer noopener\" aria-label=\" (s\u2019ouvre dans un nouvel onglet)\" href=\"http:\/\/sncf.com\" target=\"_blank\">sncf.com<\/a> et <a rel=\"noreferrer noopener\" aria-label=\" (s\u2019ouvre dans un nouvel onglet)\" href=\"https:\/\/www.ter.sncf.com\/nouvelle-aquitaine\" target=\"_blank\">ter.sncf.com\/nouvelle-aquitaine<\/a> <\/p>\n","protected":false},"excerpt":{"rendered":"<p>Le bus La ligne L126 Couh\u00e9-Poitiers s&rsquo;arr\u00eate place de la mairie \u00e0 Anch\u00e9 le matin. Plusieurs retours en journ\u00e9e. Horaires et tarifs sur la page lignes-en-vienne.fr Le train La gare &hellip; <\/p>\n<p class=\"link-more\"><a href=\"https:\/\/vuarnesson.ovh\/?page_id=868\" class=\"more-link\">Continuer la lecture<span class=\"screen-reader-text\"> de &laquo;&nbsp;Transports en commun&nbsp;&raquo;<\/span><\/a><\/p>\n","protected":false},"author":3,"featured_media":0,"parent":456,"menu_order":0,"comment_status":"closed","ping_status":"closed","template":"","meta":{"footnotes":""},"class_list":["post-868","page","type-page","status-publish","hentry"],"_links":{"self":[{"href":"https:\/\/vuarnesson.ovh\/index.php?rest_route=\/wp\/v2\/pages\/868","targetHints":{"allow":["GET"]}}],"collection":[{"href":"https:\/\/vuarnesson.ovh\/index.php?rest_route=\/wp\/v2\/pages"}],"about":[{"href":"https:\/\/vuarnesson.ovh\/index.php?rest_route=\/wp\/v2\/types\/page"}],"author":[{"embeddable":true,"href":"https:\/\/vuarnesson.ovh\/index.php?rest_route=\/wp\/v2\/users\/3"}],"replies":[{"embeddable":true,"href":"https:\/\/vuarnesson.ovh\/index.php?rest_route=%2Fwp%2Fv2%2Fcomments&post=868"}],"version-history":[{"count":0,"href":"https:\/\/vuarnesson.ovh\/index.php?rest_route=\/wp\/v2\/pages\/868\/revisions"}],"up":[{"embeddable":true,"href":"https:\/\/vuarnesson.ovh\/index.php?rest_route=\/wp\/v2\/pages\/456"}],"wp:attachment":[{"href":"https:\/\/vuarnesson.ovh\/index.php?rest_route=%2Fwp%2Fv2%2Fmedia&parent=868"}],"curies":[{"name":"wp","href":"https:\/\/api.w.org\/{rel}","templated":true}]}}