{"id":700,"date":"2019-03-11T17:56:48","date_gmt":"2019-03-11T16:56:48","guid":{"rendered":"https:\/\/anche.website\/?page_id=700"},"modified":"2019-03-11T17:56:48","modified_gmt":"2019-03-11T16:56:48","slug":"histoire","status":"publish","type":"page","link":"https:\/\/vuarnesson.ovh\/?page_id=700","title":{"rendered":"Histoire"},"content":{"rendered":"<p><img loading=\"lazy\" decoding=\"async\" class=\"size-medium wp-image-2002 aligncenter\" src=\"https:\/\/vuarnesson.ovh\/wp-content\/uploads\/2019\/04\/carte_postale_ancienne-300x208.gif\" alt=\"\" width=\"300\" height=\"208\"><\/p>\n<p style=\"text-align: center;\"><a href=\"https:\/\/vuarnesson.ovh\/index.php\/cartes-postales-anciennes\/\"><span style=\"color: #33cccc;\">Voir les cartes postales anciennes<\/span><\/a><\/p>\n<h2><span style=\"color: #99ccff;\">Anch\u00e9, une des premi\u00e8res vigueries du Poitou<br><\/span><\/h2>\n<p>La viguerie, du latin vicarius, \u00e9tait un territoire sous l\u2019autorit\u00e9 d\u2019un viguier, c\u2019est-\u00e0-dire un surveillant qui pouvait \u00eatre un magistrat ou un sup\u00e9rieur religieux. D\u2019apr\u00e8s les historiens, Anch\u00e9 a \u00e9t\u00e9 une des premi\u00e8res vigueries du Poitou.<br>Le lieu est mentionn\u00e9 d\u00e8s le 10e si\u00e8cle sous le nom d\u2019<span style=\"color: #33cccc;\"><a style=\"color: #33cccc;\" href=\"https:\/\/vuarnesson.ovh\/index.php\/anciacus\/\">Anciacus<\/a><\/span>.<\/p>\n<h2><span style=\"color: #99ccff;\">Un t\u00e9moignage ancien de christianisation<br><\/span><\/h2>\n<p>La d\u00e9couverte des vestiges d&rsquo;un fanum (petit temple gallo-romain) pr\u00e8s de l&rsquo;actuel lotissement des plantes indiquerait qu&rsquo;Anch\u00e9 a \u00e9t\u00e9 un centre gallo-romain.<\/p>\n<p>En f\u00e9vrier 2000 on a trouv\u00e9 au fanum des Caulti\u00e8res <a href=\"https:\/\/vuarnesson.ovh\/index.php\/histoire\/les-sarcophages\/\"><span style=\"color: #33cccc;\">deux sarcophages<\/span><\/a> contenant chacun un cercueil en plomb avec squelette. L&rsquo;un de ces cercueils portait un chrisme grav\u00e9 dans le plomb. Ce signe chr\u00e9tien est un des plus anciens t\u00e9moignages de christianisation en Poitou. Il est particuli\u00e8rement pr\u00e9coce en un territoire rural.<br>Les sarcophages sont visibles \u00e0 l\u2019\u00c9glise Saint-Martin d\u2019Anch\u00e9.<\/p>\n<h2><span style=\"color: #99ccff;\">Les nobles \u00ab\u00a0d&rsquo;Anch\u00e9\u00a0\u00bb<\/span><\/h2>\n<p>Le fief d\u2019Anch\u00e9, la paroisse et le village ont pris le nom d\u2019Anciacus au d\u00e9but du Moyen-\u00e2ge. La famille d\u2019Anch\u00e9, une \u00ab noble et ancienne famille du Poitou \u00bb, a pris son nom de la terre d\u2019Anch\u00e9 dont ils \u00e9taient les ma\u00eetres de 1100 \u00e0 1700.<br><a href=\"http:\/\/www.google.com\/url?q=http%3A%2F%2Fpagesperso-orange.fr%2Fjm.ouvrard%2Farmor%2Ffami%2Fa%2Fanche.htm&amp;sa=D&amp;sntz=1&amp;usg=AFrqEzcaewhG6NP9lL3y09TiNCj5VtRf3A\" target=\"_blank\" rel=\"noopener noreferrer\">Leurs armoiries<\/a> sont \u00ab\u00a0d\u2019argent au lion de sable, couronn\u00e9, arm\u00e9 et lampass\u00e9 de gueules\u00a0\u00bb.<\/p>\n<p>Trois d\u2019entre eux au moins sont connus :<br><a href=\"https:\/\/vuarnesson.ovh\/index.php\/robert-danche\/\"><span style=\"color: #33cccc;\">Robert d&rsquo;Anch\u00e9<\/span><\/a>, 12e si\u00e8cle, \u00e9migr\u00e9 en Angleterre et en Irlande.<br><a href=\"https:\/\/vuarnesson.ovh\/index.php\/pierre-danche\/\"><span style=\"color: #33cccc;\">Pierre d&rsquo;Anch\u00e9<\/span><\/a>, po\u00e8te. La commune avait son \u00e9crivain au 15e si\u00e8cle !<br>L\u2019enregistrement du blason de Pierre d\u2019Anch\u00e9, <em>Gardez-vous bien de ce fauveau<\/em> a \u00e9t\u00e9 enregistr\u00e9 par l\u2019Ensemble Ferrara. (<a href=\"https:\/\/vuarnesson.ovh\/wp-content\/uploads\/2019\/04\/Partition_gardez_vous_bien_de_ce_fauveau.pdf\" target=\"_blank\" rel=\"noopener noreferrer\">voir la partition<\/a>[1] de ce morceau polyphonique typique de la fin du 15e et du d\u00e9but du 16e si\u00e8cle et qui a \u00e9t\u00e9 enregistr\u00e9 par l\u2019<a href=\"https:\/\/www.musicme.com\/#\/Ferrara-Ensemble\/titres\/Gardez-Voz-Bien-t1859515.html\" target=\"_blank\" rel=\"noreferrer noopener\" aria-label=\"Ensemble Ferrara (s\u2019ouvre dans un nouvel onglet)\">Ensemble Ferrara<\/a>)<br>On a retrouv\u00e9 des traces de Guillaume d\u2019Anch\u00e9, fr\u00e8re de Pierre, en 1479. Ses descendants&nbsp; \u00ab se sont divis\u00e9s en plusieurs branches \u00bb dont les seigneurs du Puy d\u2019Anch\u00e9, de Bourleuf, des Renardi\u00e8res et de Bess\u00e9 entre autres.<br><a href=\"https:\/\/vuarnesson.ovh\/index.php\/claude-du-bellay-danche\"><span style=\"color: #33cccc;\">Claude du Bellay du Plessis d\u2019Anch\u00e9<\/span><\/a>, 17e si\u00e8cle, devint un personnage important en Prusse.<\/p>\n<p>[1]&nbsp;H. M. Brown, <em>A Florentine Chansonnier from the time of Lorenzo the Magnificent<\/em>, Text Volume, U. of Chicago Press, 1983, pp. 59-60.<\/p>\n<h2><span style=\"color: #99ccff;\">Les d&rsquo;Anch\u00e9 aujourd&rsquo;hui<\/span><\/h2>\n<p>On trouve de nos jours et surtout dans le 86, 10, 79, 16, 17, 33 et 44 ainsi qu\u2019en \u00cele-de-France (75, 78, 93, 94, 95) plusieurs variations du nom : DANCHET, ANCHET, DANCHE, DANCH\u00c9, ANCHER, ANQUET, HANCH\u00c9, ANKE, HANKEY, HANQUET, HANQUER, HANQU\u00c9, HANCK\u00c9.<br>Les HANKE, HENCHE, HENCHES, HANCKE, HENQUET, DANECH, DANKE, ENSCH, HEMCHE sont issus du m\u00eame nom.<br>Et souvenons-nous des \u00ab cousins \u00bb d\u2019Angleterre et d\u2019Irlande : les ANK, ANKEY, HANKEY qu\u2019on trouve depuis le <a href=\"https:\/\/fr.wikipedia.org\/wiki\/Empire_Plantagen%C3%AAt\" target=\"_blank\" rel=\"noopener noreferrer\">royaume des Plantagen\u00eat<\/a> dans le sud de l\u2019Angleterre et dans le sud-est de l&rsquo;Irlande.<\/p>\n<h2><span style=\"color: #99ccff;\">Anch\u00e9ens c\u00e9l\u00e8bres et d&rsquo;ailleurs (10, 79)<\/span><\/h2>\n<p><a href=\"https:\/\/vuarnesson.ovh\/index.php\/antoine-rene-hyacinthe-thibaudeau-et-antoine-clair-thibaudeau\/\"><span style=\"color: #33cccc;\">Antoine Ren\u00e9 Hyacinthe Thibaudeau<\/span><\/a> (1739-1813) <a href=\"https:\/\/vuarnesson.ovh\/index.php\/antoine-rene-hyacinthe-thibaudeau-et-antoine-clair-thibaudeau\/\"><span style=\"color: #33cccc;\">et son fils Antoine Clair Thibaudeau<\/span><\/a> (1765-1854), D\u00e9put\u00e9s.<\/p>\n<p><a href=\"https:\/\/fr.wikipedia.org\/wiki\/Antoine_Danchet\" target=\"_blank\" rel=\"noopener noreferrer\">Antoine Danchet<\/a> (1671-1748), n\u00e9 \u00e0 Riom et mort \u00e0 Paris, \u00e9tait un librettiste connu \u00e0 son \u00e9poque.<\/p>\n\n\n<figure class=\"wp-block-image\"><img loading=\"lazy\" decoding=\"async\" width=\"300\" height=\"193\" src=\"https:\/\/vuarnesson.ovh\/wp-content\/uploads\/2019\/04\/scan-3-300x193.jpg\" alt=\"\" class=\"wp-image-2241\" srcset=\"https:\/\/vuarnesson.ovh\/wp-content\/uploads\/2019\/04\/scan-3-300x193.jpg 300w, https:\/\/vuarnesson.ovh\/wp-content\/uploads\/2019\/04\/scan-3-1024x660.jpg 1024w, https:\/\/vuarnesson.ovh\/wp-content\/uploads\/2019\/04\/scan-3-768x495.jpg 768w, https:\/\/vuarnesson.ovh\/wp-content\/uploads\/2019\/04\/scan-3-1536x989.jpg 1536w, https:\/\/vuarnesson.ovh\/wp-content\/uploads\/2019\/04\/scan-3.jpg 1621w\" sizes=\"auto, (max-width: 300px) 100vw, 300px\" \/><figcaption>Albert Anch\u00e9 (10), entreprise de peinture, mort \u00e0 la Grande Guerre<\/figcaption><\/figure>\n\n\n\n<figure class=\"wp-block-image\"><img loading=\"lazy\" decoding=\"async\" width=\"300\" height=\"210\" src=\"https:\/\/vuarnesson.ovh\/wp-content\/uploads\/2019\/04\/scan-2-300x210.jpg\" alt=\"\" class=\"wp-image-2240\" srcset=\"https:\/\/vuarnesson.ovh\/wp-content\/uploads\/2019\/04\/scan-2-300x210.jpg 300w, https:\/\/vuarnesson.ovh\/wp-content\/uploads\/2019\/04\/scan-2-1024x716.jpg 1024w, https:\/\/vuarnesson.ovh\/wp-content\/uploads\/2019\/04\/scan-2-768x537.jpg 768w, https:\/\/vuarnesson.ovh\/wp-content\/uploads\/2019\/04\/scan-2-1536x1075.jpg 1536w, https:\/\/vuarnesson.ovh\/wp-content\/uploads\/2019\/04\/scan-2.jpg 1731w\" sizes=\"auto, (max-width: 300px) 100vw, 300px\" \/><figcaption><a href=\"https:\/\/vuarnesson.ovh\/la-commune\/histoire\/claude-du-bellay-danche\/#puy_d_anche\">Manoir du Puy d&rsquo;Anch\u00e9<\/a> (79), fond\u00e9 par un membre de la famille d&rsquo;Anch\u00e9 (86)<\/figcaption><\/figure>\n","protected":false},"excerpt":{"rendered":"<p>Voir les cartes postales anciennes Anch\u00e9, une des premi\u00e8res vigueries du Poitou La viguerie, du latin vicarius, \u00e9tait un territoire sous l\u2019autorit\u00e9 d\u2019un viguier, c\u2019est-\u00e0-dire un surveillant qui pouvait \u00eatre &hellip; <\/p>\n<p class=\"link-more\"><a href=\"https:\/\/vuarnesson.ovh\/?page_id=700\" class=\"more-link\">Continuer la lecture<span class=\"screen-reader-text\"> de &laquo;&nbsp;Histoire&nbsp;&raquo;<\/span><\/a><\/p>\n","protected":false},"author":2,"featured_media":0,"parent":18,"menu_order":0,"comment_status":"closed","ping_status":"closed","template":"","meta":{"footnotes":""},"class_list":["post-700","page","type-page","status-publish","hentry"],"_links":{"self":[{"href":"https:\/\/vuarnesson.ovh\/index.php?rest_route=\/wp\/v2\/pages\/700","targetHints":{"allow":["GET"]}}],"collection":[{"href":"https:\/\/vuarnesson.ovh\/index.php?rest_route=\/wp\/v2\/pages"}],"about":[{"href":"https:\/\/vuarnesson.ovh\/index.php?rest_route=\/wp\/v2\/types\/page"}],"author":[{"embeddable":true,"href":"https:\/\/vuarnesson.ovh\/index.php?rest_route=\/wp\/v2\/users\/2"}],"replies":[{"embeddable":true,"href":"https:\/\/vuarnesson.ovh\/index.php?rest_route=%2Fwp%2Fv2%2Fcomments&post=700"}],"version-history":[{"count":0,"href":"https:\/\/vuarnesson.ovh\/index.php?rest_route=\/wp\/v2\/pages\/700\/revisions"}],"up":[{"embeddable":true,"href":"https:\/\/vuarnesson.ovh\/index.php?rest_route=\/wp\/v2\/pages\/18"}],"wp:attachment":[{"href":"https:\/\/vuarnesson.ovh\/index.php?rest_route=%2Fwp%2Fv2%2Fmedia&parent=700"}],"curies":[{"name":"wp","href":"https:\/\/api.w.org\/{rel}","templated":true}]}}