{"id":698,"date":"2019-03-11T17:53:00","date_gmt":"2019-03-11T16:53:00","guid":{"rendered":"https:\/\/anche.website\/?page_id=698"},"modified":"2019-03-11T17:53:00","modified_gmt":"2019-03-11T16:53:00","slug":"patrimoine","status":"publish","type":"page","link":"https:\/\/vuarnesson.ovh\/?page_id=698","title":{"rendered":"Patrimoine"},"content":{"rendered":"<h1><span style=\"color: #993366;\">La poule pictave<br \/>\n<\/span><\/h1>\n<p><img loading=\"lazy\" decoding=\"async\" class=\"wp-image-1198 alignleft\" src=\"https:\/\/vuarnesson.ovh\/wp-content\/uploads\/2019\/03\/v_pictave.jpg\" alt=\"\" width=\"99\" height=\"122\" \/>Peu de races naines de volailles proviennent de France.<br \/>\nPourtant, <span style=\"color: #33cccc;\"><a style=\"color: #33cccc;\" href=\"https:\/\/vuarnesson.ovh\/index.php\/la-pictave\/\">la pictave<\/a><\/span> est anch\u00e9enne !<\/p>\n<h1><span style=\"color: #993366;\">L&rsquo;\u00e9glise<\/span><\/h1>\n<figure id=\"attachment_883\" aria-describedby=\"caption-attachment-883\" style=\"width: 229px\" class=\"wp-caption alignleft\"><img loading=\"lazy\" decoding=\"async\" class=\"wp-image-883 size-medium\" src=\"https:\/\/vuarnesson.ovh\/wp-content\/uploads\/2019\/03\/St-Martin-Anche%CC%81-1-229x300.jpg\" alt=\"\" width=\"229\" height=\"300\" \/><figcaption id=\"caption-attachment-883\" class=\"wp-caption-text\"><span style=\"color: #999999;\">\u00a9 Dominique Kurtz<\/span><\/figcaption><\/figure>\n<p>L&rsquo; <span style=\"color: #33cccc;\"><a style=\"color: #33cccc;\" href=\"https:\/\/vuarnesson.ovh\/index.php\/leglise\/\">\u00e9glise Saint Martin<\/a><\/span> est une \u00e9glise romane reconstruite partiellement. Les vitraux repr\u00e9sentent Martin. Le fait qu&rsquo;elle soit d\u00e9di\u00e9e \u00e0 Saint Martin suppose que la paroisse est probablement tr\u00e8s ancienne.<br \/>\nDans l&rsquo;\u00e9glise sont entrepos\u00e9s <span style=\"color: #33cccc;\"><a style=\"color: #33cccc;\" href=\"https:\/\/vuarnesson.ovh\/index.php\/la-commune\/histoire\/les-sarcophages\/\">deux sarcophages<\/a><\/span> trouv\u00e9s en 2000 au fanum des Caulti\u00e8res. On y trouve \u00e9galement une pierre tombale class\u00e9e monument historique.<br \/>\nA l&rsquo;ext\u00e9rieur, on peut voir une dalle tumulaire, au-dessus d&rsquo;une pierre d&rsquo;autel avec sa cavit\u00e9 pour les reliques.<\/p>\n<h1><span style=\"color: #993366;\">Les moulins<\/span><\/h1>\n<p>De nombreux moulins du Clain se trouvent sur la commune d&rsquo;Anch\u00e9 : <a href=\"https:\/\/vuarnesson.ovh\/index.php\/le-moulin-de-la-planche\/\"><span style=\"color: #33cccc;\">La Planche<\/span><\/a>, Moisseau, Villenon, La Cluzaudi\u00e8re et <span style=\"color: #33cccc;\"><a style=\"color: #33cccc;\" href=\"https:\/\/vuarnesson.ovh\/index.php\/le-moulin-de-sichard\/\">Sichard<\/a><\/span>.<\/p>\n<h1><span style=\"color: #993366;\">Le pont<\/span><\/h1>\n<p><img loading=\"lazy\" decoding=\"async\" class=\"size-medium wp-image-2748 alignleft\" src=\"https:\/\/vuarnesson.ovh\/wp-content\/uploads\/2019\/06\/le_pont-300x107.jpg\" alt=\"\" width=\"300\" height=\"107\" srcset=\"https:\/\/vuarnesson.ovh\/wp-content\/uploads\/2019\/06\/le_pont-300x107.jpg 300w, https:\/\/vuarnesson.ovh\/wp-content\/uploads\/2019\/06\/le_pont-768x274.jpg 768w, https:\/\/vuarnesson.ovh\/wp-content\/uploads\/2019\/06\/le_pont.jpg 886w\" sizes=\"auto, (max-width: 300px) 100vw, 300px\" \/>A l&rsquo;entr\u00e9e du village d&rsquo;Anch\u00e9 se trouve un <a href=\"https:\/\/vuarnesson.ovh\/index.php\/le-pont\/\"><span style=\"color: #33cccc;\">vieux pont<\/span><\/a> de pierre construit en 1788.<\/p>\n<h1><span style=\"color: #993366;\">Les ch\u00e2teaux<\/span><\/h1>\n<p>Anch\u00e9 fut une commune de la noblesse rurale, comme en t\u00e9moignent ses ch\u00e2teaux : <span style=\"color: #33cccc;\"><a style=\"color: #33cccc;\" href=\"https:\/\/vuarnesson.ovh\/index.php\/le-chateau-de-villenon\/\" rel=\"noopener noreferrer\">Villenon<\/a><\/span>, d\u00e9sormais centre \u00e9questre, mais dont les \u00e9l\u00e9ments les plus anciens datent de la guerre de Cent ans, <span style=\"color: #33cccc;\"><a style=\"color: #33cccc;\" href=\"https:\/\/vuarnesson.ovh\/index.php\/le-chateau-de-fontsalmois\/\" rel=\"noopener noreferrer\">Fonsalmois<\/a><\/span>, reb\u00e2ti au 19e si\u00e8cle sur les vestiges d\u2019une b\u00e2tisse du 16e si\u00e8cle, <a href=\"https:\/\/vuarnesson.ovh\/index.php\/chateau-du-cedre\/\"><span style=\"color: #33cccc;\">le C\u00e8dre<\/span><\/a> du 19e au lieu-dit de l&rsquo;Ognon, le ch\u00e2teau situ\u00e9 au lieu-dit <a href=\"https:\/\/vuarnesson.ovh\/index.php\/chateau-d-anche\/\"><span style=\"color: #33cccc;\">Ch\u00e2teau d\u2019Anch\u00e9<\/span><\/a> et le <span style=\"color: #33cccc;\"><a style=\"color: #33cccc;\" href=\"https:\/\/vuarnesson.ovh\/index.php\/le-manoir-du-plessis\/\">manoir du Plessis<\/a><\/span>. Ce sont toutes des propri\u00e9t\u00e9s priv\u00e9es.<\/p>\n","protected":false},"excerpt":{"rendered":"<p>La poule pictave Peu de races naines de volailles proviennent de France. Pourtant, la pictave est anch\u00e9enne ! L&rsquo;\u00e9glise L&rsquo; \u00e9glise Saint Martin est une \u00e9glise romane reconstruite partiellement. Les &hellip; <\/p>\n<p class=\"link-more\"><a href=\"https:\/\/vuarnesson.ovh\/?page_id=698\" class=\"more-link\">Continuer la lecture<span class=\"screen-reader-text\"> de &laquo;&nbsp;Patrimoine&nbsp;&raquo;<\/span><\/a><\/p>\n","protected":false},"author":3,"featured_media":0,"parent":18,"menu_order":0,"comment_status":"closed","ping_status":"closed","template":"","meta":{"footnotes":""},"class_list":["post-698","page","type-page","status-publish","hentry"],"_links":{"self":[{"href":"https:\/\/vuarnesson.ovh\/index.php?rest_route=\/wp\/v2\/pages\/698","targetHints":{"allow":["GET"]}}],"collection":[{"href":"https:\/\/vuarnesson.ovh\/index.php?rest_route=\/wp\/v2\/pages"}],"about":[{"href":"https:\/\/vuarnesson.ovh\/index.php?rest_route=\/wp\/v2\/types\/page"}],"author":[{"embeddable":true,"href":"https:\/\/vuarnesson.ovh\/index.php?rest_route=\/wp\/v2\/users\/3"}],"replies":[{"embeddable":true,"href":"https:\/\/vuarnesson.ovh\/index.php?rest_route=%2Fwp%2Fv2%2Fcomments&post=698"}],"version-history":[{"count":0,"href":"https:\/\/vuarnesson.ovh\/index.php?rest_route=\/wp\/v2\/pages\/698\/revisions"}],"up":[{"embeddable":true,"href":"https:\/\/vuarnesson.ovh\/index.php?rest_route=\/wp\/v2\/pages\/18"}],"wp:attachment":[{"href":"https:\/\/vuarnesson.ovh\/index.php?rest_route=%2Fwp%2Fv2%2Fmedia&parent=698"}],"curies":[{"name":"wp","href":"https:\/\/api.w.org\/{rel}","templated":true}]}}