{"id":629,"date":"2019-03-11T09:29:03","date_gmt":"2019-03-11T08:29:03","guid":{"rendered":"https:\/\/anche.website\/?page_id=629"},"modified":"2019-03-11T09:29:03","modified_gmt":"2019-03-11T08:29:03","slug":"presentation","status":"publish","type":"page","link":"https:\/\/vuarnesson.ovh\/?page_id=629","title":{"rendered":"Pr\u00e9sentation"},"content":{"rendered":"\n<div class=\"wp-block-media-text alignwide\"><figure class=\"wp-block-media-text__media\"><img loading=\"lazy\" decoding=\"async\" width=\"827\" height=\"622\" src=\"https:\/\/vuarnesson.ovh\/wp-content\/uploads\/2019\/03\/ph_presentation.jpg\" alt=\"\" class=\"wp-image-1815\" srcset=\"https:\/\/vuarnesson.ovh\/wp-content\/uploads\/2019\/03\/ph_presentation.jpg 827w, https:\/\/vuarnesson.ovh\/wp-content\/uploads\/2019\/03\/ph_presentation-300x226.jpg 300w, https:\/\/vuarnesson.ovh\/wp-content\/uploads\/2019\/03\/ph_presentation-768x578.jpg 768w\" sizes=\"auto, (max-width: 767px) 89vw, (max-width: 1000px) 54vw, (max-width: 1071px) 543px, 580px\" \/><\/figure><div class=\"wp-block-media-text__content\">\n<p class=\"has-medium-font-size\">Anch\u00e9 est une petite commune vallonn\u00e9e de 347 habitants situ\u00e9e \u00e0 20 minutes du sud de Poitiers. <\/p>\n<\/div><\/div>\n\n\n\n<p>Ses 1 683 ha sont recouverts pour moiti\u00e9 de for\u00eats, presque toutes priv\u00e9es, et largement exploit\u00e9es. Elle est travers\u00e9e par le Clain, enjamb\u00e9 par un vieux pont de pierre construit en 1788, et pr\u00e8s duquel une aire de d\u00e9tente avec jeux pour enfants a \u00e9t\u00e9 am\u00e9nag\u00e9e.<br><br>Anch\u00e9 fut une commune de la noblesse rurale, comme en t\u00e9moignent ses ch\u00e2teaux : Villenon, d\u00e9sormais centre \u00e9questre, mais dont les \u00e9l\u00e9ments les plus anciens datent de la guerre de Cent ans, Fonsalmois, reb\u00e2ti au 19e si\u00e8cle sur les vestiges d&rsquo;une b\u00e2tisse du 16e si\u00e8cle, le C\u00e8dre du 19e et le manoir appel\u00e9 Ch\u00e2teau d&rsquo;Anch\u00e9 en centre bourg.<br><br>Il reste \u00e9galement des t\u00e9moignages d&rsquo;un pass\u00e9 beaucoup plus ancien, comme les deux sarcophages trouv\u00e9s dans un champ en 2000, contenant des cercueils en plomb dat\u00e9s du 4e si\u00e8cle, et visibles d\u00e9sormais dans l&rsquo;\u00e9glise d&rsquo;Anch\u00e9. Ainsi que les traces d&rsquo;une riche villa gallo-romaine, sur le site d\u00e9sormais class\u00e9 et prot\u00e9g\u00e9 des Caulti\u00e8res proche de Villenon.<br><br>La population se partage entre retrait\u00e9s et actifs ; il n&rsquo;y a plus d&rsquo;\u00e9cole au village depuis la fin des ann\u00e9es 1970, mais il existe un SIVOS Anch\u00e9 &#8211; Voulon depuis 2008 pour les enfants de primaire, les maternelles \u00e9tant accueillis \u00e0 Payr\u00e9. Un atout important pour la qualit\u00e9 de vie : la gare TER d&rsquo;Anch\u00e9-Voulon qui dessert la ligne Poitiers Angoul\u00eame tr\u00e8s fr\u00e9quent\u00e9e et tr\u00e8s utilis\u00e9e. La commune a cr\u00e9\u00e9 trois petits lotissements il y a une dizaine d&rsquo;ann\u00e9es, qui sont presque complets.<br><br>Le village compte trois exploitations agricoles, une fromagerie artisanale de ch\u00e8vre \u00ab le Pilochou \u00bb, une scierie avec une dizaine d&#8217;emplois, un institut de beaut\u00e9.<br>Nouveau dans le village, un lieu pour des \u00e9v\u00e8nementiels \u00ab la Cl\u00e9 des Champs \u00bb, dans une ancienne b\u00e2tisse totalement r\u00e9nov\u00e9e qui propose \u00e9galement un g\u00eete et vient compl\u00e9ter l&rsquo;offre en g\u00eetes du village.<br>L&rsquo;animation est assur\u00e9e par plusieurs <a href=\"https:\/\/vuarnesson.ovh\/index.php\/activites-locales\/associations\/#anchentee\">associations<\/a> dynamiques, dont le caf\u00e9 associatif des Pois Chiches.<\/p>\n\n\n<h2 id=\"mce_19\" class=\"editor-rich-text__tinymce mce-content-body\" role=\"textbox\" aria-label=\"R\u00e9digez un titre\u2026\" aria-autocomplete=\"list\" aria-multiline=\"true\" data-is-placeholder-visible=\"false\" contenteditable=\"true\"><span style=\"color: #ff9900;\">Les limites de la commune<\/span><\/h2>\n\n\n<figure class=\"wp-block-image is-resized\"><img loading=\"lazy\" decoding=\"async\" src=\"https:\/\/vuarnesson.ovh\/wp-content\/uploads\/2019\/04\/limite_commune_anche.jpg\" alt=\"\" class=\"wp-image-2140\" width=\"422\" height=\"420\" srcset=\"https:\/\/vuarnesson.ovh\/wp-content\/uploads\/2019\/04\/limite_commune_anche.jpg 886w, https:\/\/vuarnesson.ovh\/wp-content\/uploads\/2019\/04\/limite_commune_anche-300x300.jpg 300w, https:\/\/vuarnesson.ovh\/wp-content\/uploads\/2019\/04\/limite_commune_anche-150x150.jpg 150w, https:\/\/vuarnesson.ovh\/wp-content\/uploads\/2019\/04\/limite_commune_anche-768x765.jpg 768w, https:\/\/vuarnesson.ovh\/wp-content\/uploads\/2019\/04\/limite_commune_anche-100x100.jpg 100w\" sizes=\"auto, (max-width: 422px) 100vw, 422px\" \/><figcaption><a href=\"https:\/\/www.geoportail.gouv.fr\" target=\"_blank\" rel=\"noreferrer noopener\" aria-label=\"Geoportail (s\u2019ouvre dans un nouvel onglet)\">Geoportail<\/a><\/figcaption><\/figure>\n\n\n<p><a href=\"https:\/\/vuarnesson.ovh\/wp-content\/uploads\/2019\/04\/carte_commune_anche.jpg\"><span style=\"color: #ff9900;\">&gt;&gt;&gt; Voir une carte plus pr\u00e9cise<\/span><\/a><\/p>\n\n\n<div class=\"wp-block-columns has-2-columns is-layout-flex wp-container-core-columns-is-layout-9d6595d7 wp-block-columns-is-layout-flex\">\n<div class=\"wp-block-column is-layout-flow wp-block-column-is-layout-flow\">\n<p><strong>LISTE DES VILLAGES<br>DE LA COMMUNE D&rsquo;ANCH\u00c9<\/strong><br> <br>\u2022 Le Bourg<br>\u2022 La Cluzaudi\u00e8re<br>\u2022 Le Courtioux<br>\u2022 Le Couyou<br>\u2022 Fonsalmois<br>\u2022 Moisais<br>\u2022 Moisseau<br>\u2022 Le Pontreau<br>\u2022 Les Plantes<br>\u2022 Le Plessis<br>\u2022 Villenon<\/p>\n<\/div>\n\n\n\n<div class=\"wp-block-column is-layout-flow wp-block-column-is-layout-flow\">\n<p><strong>AUTRES LIEUX-DITS<br>ET D&rsquo;HABITATION<\/strong><br><br>Le Bois des Coussi\u00e8res, Les Caulti\u00e8res, Le C\u00e8dre, Champ la Dame, Le Champ de l&rsquo;Ormeau, Ch\u00e2teau d&rsquo;Anch\u00e9, La Croix, L&rsquo;Estoc, La F\u00e9role, La Merlesse, La Morini\u00e8re, L&rsquo;Ognon, Pilochet, La Planche, Le Querreux, La Rivaudi\u00e8re, Le Rivaux, Sichard, Les Terres Blanches, Les Varennes, La Vergn\u00e9e. <\/p>\n<\/div>\n<\/div>\n\n\n\n<p>Pour en savoir plus : <a rel=\"noreferrer noopener\" href=\"https:\/\/fr.wikipedia.org\/wiki\/Anch\u00e9_(Vienne)\" target=\"_blank\">wikip\u00e9dia<\/a><\/p>\n","protected":false},"excerpt":{"rendered":"<p>Anch\u00e9 est une petite commune vallonn\u00e9e de 347 habitants situ\u00e9e \u00e0 20 minutes du sud de Poitiers. Ses 1 683 ha sont recouverts pour moiti\u00e9 de for\u00eats, presque toutes priv\u00e9es, &hellip; <\/p>\n<p class=\"link-more\"><a href=\"https:\/\/vuarnesson.ovh\/?page_id=629\" class=\"more-link\">Continuer la lecture<span class=\"screen-reader-text\"> de &laquo;&nbsp;Pr\u00e9sentation&nbsp;&raquo;<\/span><\/a><\/p>\n","protected":false},"author":3,"featured_media":0,"parent":0,"menu_order":0,"comment_status":"closed","ping_status":"closed","template":"","meta":{"footnotes":""},"class_list":["post-629","page","type-page","status-publish","hentry"],"_links":{"self":[{"href":"https:\/\/vuarnesson.ovh\/index.php?rest_route=\/wp\/v2\/pages\/629","targetHints":{"allow":["GET"]}}],"collection":[{"href":"https:\/\/vuarnesson.ovh\/index.php?rest_route=\/wp\/v2\/pages"}],"about":[{"href":"https:\/\/vuarnesson.ovh\/index.php?rest_route=\/wp\/v2\/types\/page"}],"author":[{"embeddable":true,"href":"https:\/\/vuarnesson.ovh\/index.php?rest_route=\/wp\/v2\/users\/3"}],"replies":[{"embeddable":true,"href":"https:\/\/vuarnesson.ovh\/index.php?rest_route=%2Fwp%2Fv2%2Fcomments&post=629"}],"version-history":[{"count":0,"href":"https:\/\/vuarnesson.ovh\/index.php?rest_route=\/wp\/v2\/pages\/629\/revisions"}],"wp:attachment":[{"href":"https:\/\/vuarnesson.ovh\/index.php?rest_route=%2Fwp%2Fv2%2Fmedia&parent=629"}],"curies":[{"name":"wp","href":"https:\/\/api.w.org\/{rel}","templated":true}]}}