{"id":464,"date":"2019-03-06T17:12:02","date_gmt":"2019-03-06T16:12:02","guid":{"rendered":"https:\/\/anche.website\/?page_id=464"},"modified":"2019-03-06T17:12:02","modified_gmt":"2019-03-06T16:12:02","slug":"numeros-utiles","status":"publish","type":"page","link":"https:\/\/vuarnesson.ovh\/?page_id=464","title":{"rendered":"Num\u00e9ros utiles"},"content":{"rendered":"\n<h4 class=\"wp-block-heading\">Urgences<\/h4>\n\n\n\n<p>M\u00e9decin d&rsquo;urgence : 15<br>Pompiers &amp; urgences m\u00e9dicales : 18<br>Police : 17<\/p>\n\n\n\n<h4 class=\"wp-block-heading\">Gendarmerie<\/h4>\n\n\n\n<p><strong>z\u00e9ro cinq 49 59 20 16<\/strong> &#8211; Composer le 17 uniquement pour les urgences.<br>L\u2019accueil au public \u00e0 la Brigade de gendarmeriede Couh\u00e9 (avenue de la gare) est le suivant : <em>Lundi et vendredi de 8 h \u00e0 12 h  &#8211; Mercredi et samedi de 14 h \u00e0 18 h<\/em> <br>Il est conseill\u00e9 de t\u00e9l\u00e9phoner \u00e0 la Brigade avant de se pr\u00e9senter \u00e0 l\u2019accueil. <br>Vous pourrez \u00eatre invit\u00e9s \u00e0 vous pr\u00e9senter \u00e0 Vivonne.<br>D\u00e9clarations en ligne : <a rel=\"noreferrer noopener\" aria-label=\" (s\u2019ouvre dans un nouvel onglet)\" href=\"http:\/\/www.pre-plainte-en-ligne.gouv.fr\" target=\"_blank\">pre-plainte-en-ligne<\/a> <\/p>\n\n\n\n<h4 class=\"wp-block-heading\"><a rel=\"noreferrer noopener\" aria-label=\"http:\/\/www.sdis86.fr\/ (s\u2019ouvre dans un nouvel onglet)\" href=\"http:\/\/www.sdis86.fr\/\" target=\"_blank\">Sapeurs pompiers de la Vienne<\/a><\/h4>\n\n\n<h2><span style=\"color: #33cccc;\">Services sociaux<\/span><\/h2>\n\n\n<hr class=\"wp-block-separator has-css-opacity is-style-wide\"\/>\n\n\n\n<h4 class=\"wp-block-heading\"><a href=\"https:\/\/www.mairie-couhe.fr\/epicerie-sociale\/\" target=\"_blank\" rel=\"noreferrer noopener\" aria-label=\" (s\u2019ouvre dans un nouvel onglet)\">Epicerie sociale<\/a> de Couh\u00e9<\/h4>\n\n\n<div class=\"wp-block-image\">\n<figure class=\"alignleft is-resized\"><img loading=\"lazy\" decoding=\"async\" src=\"https:\/\/vuarnesson.ovh\/wp-content\/uploads\/2019\/05\/v_pratique_epicerie_solidaire.jpg\" alt=\"\" class=\"wp-image-2622\" style=\"width:118px;height:118px\" width=\"118\" height=\"118\" srcset=\"https:\/\/vuarnesson.ovh\/wp-content\/uploads\/2019\/05\/v_pratique_epicerie_solidaire.jpg 236w, https:\/\/vuarnesson.ovh\/wp-content\/uploads\/2019\/05\/v_pratique_epicerie_solidaire-150x150.jpg 150w, https:\/\/vuarnesson.ovh\/wp-content\/uploads\/2019\/05\/v_pratique_epicerie_solidaire-100x100.jpg 100w\" sizes=\"auto, (max-width: 118px) 100vw, 118px\" \/><\/figure>\n<\/div>\n\n\n<p>L\u2019\u00e9picerie sociale vend des produits de premi\u00e8re n\u00e9cessit\u00e9 pour un prix repr\u00e9sentant environ 10 % du prix habituel. Pour savoir si vous pouvez en b\u00e9n\u00e9ficier, adressez-vous \u00e0 la mairie de votre commune.<\/p>\n\n\n\n<h4 class=\"wp-block-heading\">Vienne infos sociales<\/h4>\n\n\n<div class=\"wp-block-image\">\n<figure class=\"alignleft is-resized\"><img loading=\"lazy\" decoding=\"async\" src=\"https:\/\/vuarnesson.ovh\/wp-content\/uploads\/2019\/05\/v_pratique_infos_sociales.jpg\" alt=\"\" class=\"wp-image-2613\" style=\"width:118px;height:118px\" width=\"118\" height=\"118\" srcset=\"https:\/\/vuarnesson.ovh\/wp-content\/uploads\/2019\/05\/v_pratique_infos_sociales.jpg 236w, https:\/\/vuarnesson.ovh\/wp-content\/uploads\/2019\/05\/v_pratique_infos_sociales-150x150.jpg 150w, https:\/\/vuarnesson.ovh\/wp-content\/uploads\/2019\/05\/v_pratique_infos_sociales-100x100.jpg 100w\" sizes=\"auto, (max-width: 118px) 100vw, 118px\" \/><\/figure>\n<\/div>\n\n\n<p>T\u00e9l : z\u00e9ro cinq 49 45 97 77<br>Pour les questions dans tous les domaines de la vie quotidienne concernant les personnes \u00e2g\u00e9es, les prestations sociales, la sant\u00e9, l\u2019enfance, le logement, les droits \u00e0 l\u2019emploi, etc.<\/p>\n\n\n\n<h4 class=\"wp-block-heading\">Assistante sociale<\/h4>\n\n\n\n<p>Une assistante sociale re\u00e7oit \u00e0  la Maison des Services Publics de Gen\u00e7ay le lundi matin sur rendez-vous. T\u00e9l : z\u00e9ro cinq 49 87 01 35<\/p>\n\n\n\n<h4 class=\"wp-block-heading\">\u00c9quipe du CLIC (Lusignan)<\/h4>\n\n\n\n<p>Pour les retrait\u00e9s.<br>Secr\u00e9taire, Charg\u00e9e d&rsquo;\u00e9valuation, Infirmi\u00e8re coordinatrice du <a href=\"https:\/\/www.lusignan.fr\/spip.php?rubrique15&amp;id_article=116\" target=\"_blank\" rel=\"noreferrer noopener\" aria-label=\"R\u00e9seau G\u00e9rontologique du Val de Vonne (s\u2019ouvre dans un nouvel onglet)\">R\u00e9seau G\u00e9rontologique du Val de Vonne<\/a>.<br><\/p>\n\n\n<h2><span style=\"color: #33cccc;\">Services pratiques<\/span><\/h2>\n\n\n<hr class=\"wp-block-separator has-css-opacity is-style-wide\"\/>\n\n\n\n<h4 class=\"wp-block-heading\"><a rel=\"noreferrer noopener\" aria-label=\"Pic et plume (s\u2019ouvre dans un nouvel onglet)\" href=\"https:\/\/www.mairie-couhe.fr\/pic-et-plume\/\" target=\"_blank\">Pic et plume<\/a>, Couh\u00e9<\/h4>\n\n\n<div class=\"wp-block-image\">\n<figure class=\"alignleft is-resized\"><img loading=\"lazy\" decoding=\"async\" src=\"https:\/\/vuarnesson.ovh\/wp-content\/uploads\/2019\/05\/v_pratique_pic_et_plume.jpg\" alt=\"\" class=\"wp-image-2609\" style=\"width:118px;height:118px\" width=\"118\" height=\"118\" srcset=\"https:\/\/vuarnesson.ovh\/wp-content\/uploads\/2019\/05\/v_pratique_pic_et_plume.jpg 236w, https:\/\/vuarnesson.ovh\/wp-content\/uploads\/2019\/05\/v_pratique_pic_et_plume-150x150.jpg 150w, https:\/\/vuarnesson.ovh\/wp-content\/uploads\/2019\/05\/v_pratique_pic_et_plume-100x100.jpg 100w\" sizes=\"auto, (max-width: 118px) 100vw, 118px\" \/><\/figure>\n<\/div>\n\n\n<p>Relais d\u2019assistants maternels et lieu d\u2019accueil enfants-parents pour les 0 &#8211; 3 ans.<\/p>\n\n\n\n<h4 class=\"wp-block-heading\"><a rel=\"noreferrer noopener\" aria-label=\"Centre d'Accueil et de Loisirs (s\u2019ouvre dans un nouvel onglet)\" href=\"http:\/\/www.civraisienpoitou.fr\/centre-de-loisirs-couhe\" target=\"_blank\">Centre d&rsquo;Accueil et de Loisirs ALSH<\/a>, Couh\u00e9<\/h4>\n\n\n\n<p>Pour enfants et adolescents \u00e0 partir de 3 ans.<\/p>\n\n\n\n<h4 class=\"wp-block-heading\"><a rel=\"noreferrer noopener\" aria-label=\"Point relais p\u00f4le emploi \u00e0 Civray (s\u2019ouvre dans un nouvel onglet)\" href=\"https:\/\/www.pole-emploi.fr\/annuaire\/civray-86001\" target=\"_blank\">Point relais P\u00f4le Emploi \u00e0 Civray<\/a><\/h4>\n\n\n\n<figure class=\"wp-block-image is-resized\"><img loading=\"lazy\" decoding=\"async\" src=\"https:\/\/vuarnesson.ovh\/wp-content\/uploads\/2019\/05\/v_pratique_pole_emploi.jpg\" alt=\"\" class=\"wp-image-2610\" style=\"width:118px;height:118px\" width=\"118\" height=\"118\" srcset=\"https:\/\/vuarnesson.ovh\/wp-content\/uploads\/2019\/05\/v_pratique_pole_emploi.jpg 236w, https:\/\/vuarnesson.ovh\/wp-content\/uploads\/2019\/05\/v_pratique_pole_emploi-150x150.jpg 150w, https:\/\/vuarnesson.ovh\/wp-content\/uploads\/2019\/05\/v_pratique_pole_emploi-100x100.jpg 100w\" sizes=\"auto, (max-width: 118px) 100vw, 118px\" \/><\/figure>\n\n\n\n<h4 class=\"wp-block-heading\"><a href=\"https:\/\/www.laposte.fr\/particulier\/outils\/trouver-un-bureau-de-poste\/bureau-detail\/couhe-bp\/16226A\" target=\"_blank\" rel=\"noreferrer noopener\" aria-label=\"La poste (s\u2019ouvre dans un nouvel onglet)\">La poste<\/a><\/h4>\n\n\n\n<figure class=\"wp-block-image is-resized\"><img loading=\"lazy\" decoding=\"async\" src=\"https:\/\/vuarnesson.ovh\/wp-content\/uploads\/2019\/05\/v_pratique_poste.jpg\" alt=\"\" class=\"wp-image-2611\" style=\"width:118px;height:118px\" width=\"118\" height=\"118\" srcset=\"https:\/\/vuarnesson.ovh\/wp-content\/uploads\/2019\/05\/v_pratique_poste.jpg 236w, https:\/\/vuarnesson.ovh\/wp-content\/uploads\/2019\/05\/v_pratique_poste-150x150.jpg 150w, https:\/\/vuarnesson.ovh\/wp-content\/uploads\/2019\/05\/v_pratique_poste-100x100.jpg 100w\" sizes=\"auto, (max-width: 118px) 100vw, 118px\" \/><\/figure>\n\n\n\n<h4 class=\"wp-block-heading\"><a rel=\"noreferrer noopener\" href=\"https:\/\/www.simer86.fr\/gestion-des-dechets\/les-decheteries\" target=\"_blank\">D\u00e9chetterie de Couh\u00e9 &#8211; Valence-en-Poitou<\/a><\/h4>\n\n\n\n<h4 class=\"wp-block-heading\" id=\"office-de-tourisme\"><a href=\"https:\/\/www.tourismecivraisienpoitou.com\/\" target=\"_blank\" rel=\"noreferrer noopener\">Maison du Tourisme du Civraisien en Poitou<\/a><\/h4>\n\n\n\n<h4 class=\"wp-block-heading\">M\u00e9t\u00e9o<\/h4>\n\n\n<div class=\"wp-block-image\">\n<figure class=\"alignleft is-resized\"><img loading=\"lazy\" decoding=\"async\" src=\"https:\/\/vuarnesson.ovh\/wp-content\/uploads\/2019\/05\/v_pratique_meteo.jpg\" alt=\"\" class=\"wp-image-2608\" style=\"width:118px;height:118px\" width=\"118\" height=\"118\" srcset=\"https:\/\/vuarnesson.ovh\/wp-content\/uploads\/2019\/05\/v_pratique_meteo.jpg 236w, https:\/\/vuarnesson.ovh\/wp-content\/uploads\/2019\/05\/v_pratique_meteo-150x150.jpg 150w, https:\/\/vuarnesson.ovh\/wp-content\/uploads\/2019\/05\/v_pratique_meteo-100x100.jpg 100w\" sizes=\"auto, (max-width: 118px) 100vw, 118px\" \/><\/figure>\n<\/div>\n\n\n<p>T\u00e9l : 0 892 68 02 86 pour les pr\u00e9visions dans la Vienne<br>T\u00e9l : 32 50 pour les pr\u00e9visions des autres r\u00e9gions <br>T\u00e9l : z\u00e9ro cinq 49 55 69 90 (serveur vocal) ou <a rel=\"noreferrer noopener\" aria-label=\" (s\u2019ouvre dans un nouvel onglet)\" href=\"http:\/\/www.vienne.pref.gouv.fr\" target=\"_blank\">www.vienne.pref.gouv.fr<\/a> pour les indices de feu m\u00e9t\u00e9o (IFM). Ils varient de 0 \u00e0 20.<\/p>\n\n\n<h2><span style=\"color: #33cccc;\">Services administratifs<\/span><\/h2>\n\n\n<hr class=\"wp-block-separator has-css-opacity is-style-wide\"\/>\n\n\n\n<h4 class=\"wp-block-heading\">Allo Service Public<\/h4>\n\n\n\n<p>T\u00e9l : 3939<br>Pour vos questions administratives.<\/p>\n\n\n\n<h4 class=\"wp-block-heading\">Tr\u00e9sor public<\/h4>\n\n\n<div class=\"wp-block-image\">\n<figure class=\"alignleft is-resized\"><img loading=\"lazy\" decoding=\"async\" src=\"https:\/\/vuarnesson.ovh\/wp-content\/uploads\/2019\/05\/v_pratique_tresorpublic.jpg\" alt=\"\" class=\"wp-image-2642\" style=\"width:118px;height:118px\" width=\"118\" height=\"118\" srcset=\"https:\/\/vuarnesson.ovh\/wp-content\/uploads\/2019\/05\/v_pratique_tresorpublic.jpg 236w, https:\/\/vuarnesson.ovh\/wp-content\/uploads\/2019\/05\/v_pratique_tresorpublic-150x150.jpg 150w, https:\/\/vuarnesson.ovh\/wp-content\/uploads\/2019\/05\/v_pratique_tresorpublic-100x100.jpg 100w\" sizes=\"auto, (max-width: 118px) 100vw, 118px\" \/><\/figure>\n<\/div>\n\n\n<p>Fonctionnement d&rsquo;une permanence dans les locaux de la Tr\u00e9sorerie de <strong>Couh\u00e9<\/strong><br>les lundis matin (9h \u00e0 12h), mercredis apr\u00e8s-midi (14h \u00e0 17h) ; sur rendez-vous les vendredis matin \u00e0 prendre au z\u00e9ro cinq 49 97 06 00<br>Ou <a rel=\"noreferrer noopener\" aria-label=\"Service Imp\u00f4ts des particuliers (s\u2019ouvre dans un nouvel onglet)\" href=\"https:\/\/lannuaire.service-public.fr\/nouvelle-aquitaine\/vienne\/sip-86078-01\" target=\"_blank\">Service Imp\u00f4ts des particuliers<\/a> \u00e0 <strong>Civray<\/strong><br><\/p>\n\n\n\n<h4 class=\"wp-block-heading\">Conciliateur de justice<\/h4>\n\n\n<div class=\"wp-block-image\">\n<figure class=\"alignleft is-resized\"><img loading=\"lazy\" decoding=\"async\" src=\"https:\/\/vuarnesson.ovh\/wp-content\/uploads\/2019\/05\/v_pratique_conciliateur_de_justice.jpg\" alt=\"\" class=\"wp-image-2640\" style=\"width:118px;height:118px\" width=\"118\" height=\"118\" srcset=\"https:\/\/vuarnesson.ovh\/wp-content\/uploads\/2019\/05\/v_pratique_conciliateur_de_justice.jpg 236w, https:\/\/vuarnesson.ovh\/wp-content\/uploads\/2019\/05\/v_pratique_conciliateur_de_justice-150x150.jpg 150w, https:\/\/vuarnesson.ovh\/wp-content\/uploads\/2019\/05\/v_pratique_conciliateur_de_justice-100x100.jpg 100w\" sizes=\"auto, (max-width: 118px) 100vw, 118px\" \/><\/figure>\n<\/div>\n\n\n<p>T\u00e9l : z\u00e9ro six 59 40 27 43<br> Courriel : jean-paul.berger2 at orange.fr<br><br>B\u00e9n\u00e9vole nomm\u00e9 par le minist\u00e8re de la justice, Monsieur Jean-Paul BERGER, re\u00e7oit sur rendez-vous \u00e0 la MAISON DES SERVICES de LUSIGNAN le 1er mercredi matin de chaque mois entre 8h30 et 12h.<br>Sa mission consiste \u00e0 tenter de r\u00e9soudre les conflits \u00e0 l\u2019amiable (probl\u00e8me de voisinage, difficult\u00e9s avec artisans, etc.) afin d\u2019\u00e9viter que le litige ne soit port\u00e9 devant un tribunal.<\/p>\n\n\n\n<h4 class=\"wp-block-heading\"> <a href=\"http:\/\/www.vienne.gouv.fr\/\" target=\"_blank\" rel=\"noreferrer noopener\" aria-label=\" (s\u2019ouvre dans un nouvel onglet)\">La pr\u00e9fecture de la Vienne<\/a><\/h4>\n\n\n\n<figure class=\"wp-block-image is-resized\"><img loading=\"lazy\" decoding=\"async\" src=\"https:\/\/vuarnesson.ovh\/wp-content\/uploads\/2019\/05\/v_pratique_prefecture.jpg\" alt=\"\" class=\"wp-image-2607\" style=\"width:118px;height:118px\" width=\"118\" height=\"118\" srcset=\"https:\/\/vuarnesson.ovh\/wp-content\/uploads\/2019\/05\/v_pratique_prefecture.jpg 236w, https:\/\/vuarnesson.ovh\/wp-content\/uploads\/2019\/05\/v_pratique_prefecture-150x150.jpg 150w, https:\/\/vuarnesson.ovh\/wp-content\/uploads\/2019\/05\/v_pratique_prefecture-100x100.jpg 100w\" sizes=\"auto, (max-width: 118px) 100vw, 118px\" \/><\/figure>\n\n\n\n<h4 class=\"wp-block-heading\"><a href=\"http:\/\/www.cadastre.gouv.fr\" target=\"_blank\" rel=\"noreferrer noopener\" aria-label=\"Cadastre (s\u2019ouvre dans un nouvel onglet)\">Cadastre<\/a><\/h4>\n\n\n\n<figure class=\"wp-block-image is-resized\"><img loading=\"lazy\" decoding=\"async\" src=\"https:\/\/vuarnesson.ovh\/wp-content\/uploads\/2019\/05\/v_pratique_cadastre.jpg\" alt=\"\" class=\"wp-image-2612\" style=\"width:118px;height:118px\" width=\"118\" height=\"118\" srcset=\"https:\/\/vuarnesson.ovh\/wp-content\/uploads\/2019\/05\/v_pratique_cadastre.jpg 236w, https:\/\/vuarnesson.ovh\/wp-content\/uploads\/2019\/05\/v_pratique_cadastre-150x150.jpg 150w, https:\/\/vuarnesson.ovh\/wp-content\/uploads\/2019\/05\/v_pratique_cadastre-100x100.jpg 100w\" sizes=\"auto, (max-width: 118px) 100vw, 118px\" \/><\/figure>\n\n\n\n<h4 class=\"wp-block-heading\"><a href=\"https:\/\/www.service-public.fr\/particuliers\/vosdroits\/N144\" target=\"_blank\" rel=\"noreferrer noopener\" aria-label=\"PACS (s\u2019ouvre dans un nouvel onglet)\">PACS<\/a><\/h4>\n\n\n\n<h4 class=\"wp-block-heading\"><a href=\"https:\/\/www.diplomatie.gouv.fr\/fr\/conseils-aux-voyageurs\/\" target=\"_blank\" rel=\"noreferrer noopener\" aria-label=\"Se rendre en pays \u00e9tranger (s\u2019ouvre dans un nouvel onglet)\">Se rendre en pays \u00e9tranger<\/a><\/h4>\n\n\n\n<figure class=\"wp-block-image is-resized\"><img loading=\"lazy\" decoding=\"async\" src=\"https:\/\/vuarnesson.ovh\/wp-content\/uploads\/2019\/05\/v_pratique_etranger.jpg\" alt=\"\" class=\"wp-image-2614\" style=\"width:118px;height:118px\" width=\"118\" height=\"118\" srcset=\"https:\/\/vuarnesson.ovh\/wp-content\/uploads\/2019\/05\/v_pratique_etranger.jpg 236w, https:\/\/vuarnesson.ovh\/wp-content\/uploads\/2019\/05\/v_pratique_etranger-150x150.jpg 150w, https:\/\/vuarnesson.ovh\/wp-content\/uploads\/2019\/05\/v_pratique_etranger-100x100.jpg 100w\" sizes=\"auto, (max-width: 118px) 100vw, 118px\" \/><\/figure>\n\n\n\n<hr class=\"wp-block-separator has-css-opacity is-style-wide\"\/>\n\n\n\n<figure class=\"wp-block-image is-resized\"><img loading=\"lazy\" decoding=\"async\" src=\"https:\/\/vuarnesson.ovh\/wp-content\/uploads\/2019\/03\/logo-cc-civraisien-en-poitou-header.png\" alt=\"\" class=\"wp-image-845\" width=\"205\" height=\"62\" srcset=\"https:\/\/vuarnesson.ovh\/wp-content\/uploads\/2019\/03\/logo-cc-civraisien-en-poitou-header.png 482w, https:\/\/vuarnesson.ovh\/wp-content\/uploads\/2019\/03\/logo-cc-civraisien-en-poitou-header-300x91.png 300w\" sizes=\"auto, (max-width: 205px) 100vw, 205px\" \/><figcaption><a rel=\"noreferrer noopener\" href=\"http:\/\/www.civraisienpoitou.fr\/\" target=\"_blank\">La Communaut\u00e9 de Communes du Civraisien en Poitou<\/a><\/figcaption><\/figure>\n\n\n\n<figure class=\"wp-block-image is-resized\"><img loading=\"lazy\" decoding=\"async\" src=\"https:\/\/vuarnesson.ovh\/wp-content\/uploads\/2019\/03\/SIT_CG86_796_SIT_CG86_190_logo.png\" alt=\"\" class=\"wp-image-846\" style=\"width:196px;height:51px\" width=\"196\" height=\"51\" srcset=\"https:\/\/vuarnesson.ovh\/wp-content\/uploads\/2019\/03\/SIT_CG86_796_SIT_CG86_190_logo.png 368w, https:\/\/vuarnesson.ovh\/wp-content\/uploads\/2019\/03\/SIT_CG86_796_SIT_CG86_190_logo-300x77.png 300w\" sizes=\"auto, (max-width: 196px) 100vw, 196px\" \/><figcaption class=\"wp-element-caption\"><a rel=\"noreferrer noopener\" href=\"http:\/\/www.lavienne86.fr\/\" target=\"_blank\">Le Conseil G\u00e9n\u00e9ral de la Vienne<\/a><\/figcaption><\/figure>\n\n\n\n<figure class=\"wp-block-image is-resized\"><img loading=\"lazy\" decoding=\"async\" src=\"https:\/\/vuarnesson.ovh\/wp-content\/uploads\/2019\/03\/logo_nouvelle_aquitaine.png\" alt=\"\" class=\"wp-image-852\" style=\"width:189px;height:87px\" width=\"189\" height=\"87\"\/><figcaption class=\"wp-element-caption\"><a rel=\"noreferrer noopener\" href=\"https:\/\/www.nouvelle-aquitaine.fr\/\" target=\"_blank\">La R\u00e9gion Nouvelle-Aquitaine<\/a><\/figcaption><\/figure>\n","protected":false},"excerpt":{"rendered":"<p>Urgences M\u00e9decin d&rsquo;urgence : 15Pompiers &amp; urgences m\u00e9dicales : 18Police : 17 Gendarmerie z\u00e9ro cinq 49 59 20 16 &#8211; Composer le 17 uniquement pour les urgences.L\u2019accueil au public \u00e0 &hellip; <\/p>\n<p class=\"link-more\"><a href=\"https:\/\/vuarnesson.ovh\/?page_id=464\" class=\"more-link\">Continuer la lecture<span class=\"screen-reader-text\"> de &laquo;&nbsp;Num\u00e9ros utiles&nbsp;&raquo;<\/span><\/a><\/p>\n","protected":false},"author":3,"featured_media":0,"parent":456,"menu_order":3,"comment_status":"closed","ping_status":"closed","template":"","meta":{"footnotes":""},"class_list":["post-464","page","type-page","status-publish","hentry"],"_links":{"self":[{"href":"https:\/\/vuarnesson.ovh\/index.php?rest_route=\/wp\/v2\/pages\/464","targetHints":{"allow":["GET"]}}],"collection":[{"href":"https:\/\/vuarnesson.ovh\/index.php?rest_route=\/wp\/v2\/pages"}],"about":[{"href":"https:\/\/vuarnesson.ovh\/index.php?rest_route=\/wp\/v2\/types\/page"}],"author":[{"embeddable":true,"href":"https:\/\/vuarnesson.ovh\/index.php?rest_route=\/wp\/v2\/users\/3"}],"replies":[{"embeddable":true,"href":"https:\/\/vuarnesson.ovh\/index.php?rest_route=%2Fwp%2Fv2%2Fcomments&post=464"}],"version-history":[{"count":0,"href":"https:\/\/vuarnesson.ovh\/index.php?rest_route=\/wp\/v2\/pages\/464\/revisions"}],"up":[{"embeddable":true,"href":"https:\/\/vuarnesson.ovh\/index.php?rest_route=\/wp\/v2\/pages\/456"}],"wp:attachment":[{"href":"https:\/\/vuarnesson.ovh\/index.php?rest_route=%2Fwp%2Fv2%2Fmedia&parent=464"}],"curies":[{"name":"wp","href":"https:\/\/api.w.org\/{rel}","templated":true}]}}