{"id":462,"date":"2019-03-06T17:09:07","date_gmt":"2019-03-06T16:09:07","guid":{"rendered":"https:\/\/anche.website\/?page_id=462"},"modified":"2019-03-06T17:09:07","modified_gmt":"2019-03-06T16:09:07","slug":"louer-la-salle-des-fetes","status":"publish","type":"page","link":"https:\/\/vuarnesson.ovh\/?page_id=462","title":{"rendered":"Louer la salle des f\u00eates"},"content":{"rendered":"<div class=\"wp-block-image\">\n<figure class=\"alignleft is-resized\"><img loading=\"lazy\" decoding=\"async\" width=\"408\" height=\"245\" src=\"https:\/\/vuarnesson.ovh\/wp-content\/uploads\/2019\/04\/salle_des_fetes.jpg\" alt=\"\" class=\"wp-image-1964\" style=\"width:278px;height:169px\" srcset=\"https:\/\/vuarnesson.ovh\/wp-content\/uploads\/2019\/04\/salle_des_fetes.jpg 408w, https:\/\/vuarnesson.ovh\/wp-content\/uploads\/2019\/04\/salle_des_fetes-300x180.jpg 300w\" sizes=\"auto, (max-width: 408px) 100vw, 408px\" \/><\/figure>\n<\/div>\n\n\n<p>Salle des f\u00eates avec cuisine et bar.<br>Acc\u00e8s handicap\u00e9.<br>Jauge : 100 personnes.<br>60 convives<\/p>\n\n\n\n<p><strong>Caution : 200 \u20ac<\/strong><br><strong>Caution m\u00e9nage : 60 \u20ac<\/strong><\/p>\n\n\n\n<h2 class=\"wp-block-heading\">Tarifs<\/h2>\n\n\n\n<div class=\"wp-block-columns has-2-columns is-layout-flex wp-container-core-columns-is-layout-9d6595d7 wp-block-columns-is-layout-flex\">\n<div class=\"wp-block-column is-layout-flow wp-block-column-is-layout-flow\">\n<p>POUR UN HABITANT DE LA COMMUNE<br> Forfait week-end : <strong>160 \u20ac<\/strong><br> Forfait en semaine 24h : <strong>120 \u20ac<\/strong><\/p>\n<\/div>\n\n\n\n<div class=\"wp-block-column is-layout-flow wp-block-column-is-layout-flow\">\n<p>HORS COMMUNE<br> Forfait week-end : <strong>200 \u20ac<\/strong><br> Forfait en semaine 24h : <strong>150 \u20ac<\/strong><\/p>\n<\/div>\n<\/div>\n\n\n\n<p>Pour une association de la Communaut\u00e9 de Communes du Civraisien en Poitou : <strong>Gratuit<\/strong><br>Pour une association hors de la Communaut\u00e9 de Communes du Civraisien en Poitou : <strong>100 \u20ac<\/strong><br><br><em>D\u00e9lib\u00e9ration du 10 mai 2022<\/em><\/p>\n\n\n\n<blockquote class=\"wp-block-quote is-layout-flow wp-block-quote-is-layout-flow\">\n<blockquote class=\"wp-block-quote is-layout-flow wp-block-quote-is-layout-flow\">\n<p><\/p>\n\n\n\n<p><a href=\"https:\/\/vuarnesson.ovh\/wp-content\/uploads\/2024\/01\/RESERVATIONsalledesfetes.pdf\">>> T\u00e9l\u00e9charger la demande de RESERVATION de la salle des f\u00eates (pour les associations et les particuliers)<\/a><\/p>\n<\/blockquote>\n\n\n\n<p><a href=\"https:\/\/vuarnesson.ovh\/wp-content\/uploads\/2024\/01\/ModeleDEBITBOISSONS.pdf\">>> T\u00e9l\u00e9charger la demande de DEBIT DE BOISSONS (pour les associations d&rsquo;Anch\u00e9)<\/a><\/p>\n<\/blockquote>\n","protected":false},"excerpt":{"rendered":"<p>Salle des f\u00eates avec cuisine et bar.Acc\u00e8s handicap\u00e9.Jauge : 100 personnes.60 convives Caution : 200 \u20acCaution m\u00e9nage : 60 \u20ac Tarifs POUR UN HABITANT DE LA COMMUNE Forfait week-end : &hellip; <\/p>\n<p class=\"link-more\"><a href=\"https:\/\/vuarnesson.ovh\/?page_id=462\" class=\"more-link\">Continuer la lecture<span class=\"screen-reader-text\"> de &laquo;&nbsp;Louer la salle des f\u00eates&nbsp;&raquo;<\/span><\/a><\/p>\n","protected":false},"author":3,"featured_media":0,"parent":456,"menu_order":2,"comment_status":"closed","ping_status":"closed","template":"","meta":{"footnotes":""},"class_list":["post-462","page","type-page","status-publish","hentry"],"_links":{"self":[{"href":"https:\/\/vuarnesson.ovh\/index.php?rest_route=\/wp\/v2\/pages\/462","targetHints":{"allow":["GET"]}}],"collection":[{"href":"https:\/\/vuarnesson.ovh\/index.php?rest_route=\/wp\/v2\/pages"}],"about":[{"href":"https:\/\/vuarnesson.ovh\/index.php?rest_route=\/wp\/v2\/types\/page"}],"author":[{"embeddable":true,"href":"https:\/\/vuarnesson.ovh\/index.php?rest_route=\/wp\/v2\/users\/3"}],"replies":[{"embeddable":true,"href":"https:\/\/vuarnesson.ovh\/index.php?rest_route=%2Fwp%2Fv2%2Fcomments&post=462"}],"version-history":[{"count":0,"href":"https:\/\/vuarnesson.ovh\/index.php?rest_route=\/wp\/v2\/pages\/462\/revisions"}],"up":[{"embeddable":true,"href":"https:\/\/vuarnesson.ovh\/index.php?rest_route=\/wp\/v2\/pages\/456"}],"wp:attachment":[{"href":"https:\/\/vuarnesson.ovh\/index.php?rest_route=%2Fwp%2Fv2%2Fmedia&parent=462"}],"curies":[{"name":"wp","href":"https:\/\/api.w.org\/{rel}","templated":true}]}}