{"id":459,"date":"2019-03-06T16:56:58","date_gmt":"2019-03-06T15:56:58","guid":{"rendered":"https:\/\/anche.website\/?page_id=459"},"modified":"2019-03-06T16:56:58","modified_gmt":"2019-03-06T15:56:58","slug":"coordonnees","status":"publish","type":"page","link":"https:\/\/vuarnesson.ovh\/?page_id=459","title":{"rendered":"Coordonn\u00e9es"},"content":{"rendered":"\n<h2 class=\"wp-block-heading\">La mairie<br><\/h2>\n\n\n\n<hr class=\"wp-block-separator is-style-wide\"\/>\n\n\n\n<div class=\"wp-block-image\"><figure class=\"alignright is-resized\"><img loading=\"lazy\" decoding=\"async\" src=\"https:\/\/vuarnesson.ovh\/wp-content\/uploads\/2019\/03\/Vignettes100009.png\" alt=\"\" class=\"wp-image-302\" width=\"292\" height=\"175\" srcset=\"https:\/\/vuarnesson.ovh\/wp-content\/uploads\/2019\/03\/Vignettes100009.png 1000w, https:\/\/vuarnesson.ovh\/wp-content\/uploads\/2019\/03\/Vignettes100009-300x180.png 300w, https:\/\/vuarnesson.ovh\/wp-content\/uploads\/2019\/03\/Vignettes100009-768x461.png 768w\" sizes=\"auto, (max-width: 292px) 100vw, 292px\" \/><\/figure><\/div>\n\n\n\n<p><strong>Adresse<\/strong><br>Maire d\u2019Anch\u00e9<br>1, Place Odile Bibaud<br>86700 Anch\u00e9<\/p>\n\n\n\n<p><strong>Horaires d&rsquo;accueil :<\/strong><br><strong>P\u00e9riode scolaire :<\/strong><br>Lundi : 9h-12h et 15h-18h<br>Mercredi : 9h-11h et 15h-18h<br>Vendredi : 9h-12h<br><strong>Pendant les vacances scolaires :<\/strong><br>Lundi : 15h-18h<br>Mercredi: 15h-18h<br>Vendredi : 15h-18h<br><a rel=\"noreferrer noopener\" href=\"https:\/\/vacances-scolaires.education\/\" target=\"_blank\">&gt; Voir les dates des vacances scolaires zone A<\/a><\/p>\n\n\n\n<p>T\u00e9l. : <strong>z\u00e9ro cinq 49 42 42 77<\/strong> <\/p>\n\n\n<p><span style=\"color: #ff0000;\">Attention, nouvelle adresse de messagerie \u00e9lectronique :<\/span><\/p>\n\n\n<figure class=\"wp-block-image size-large is-resized\"><img loading=\"lazy\" decoding=\"async\" src=\"https:\/\/vuarnesson.ovh\/wp-content\/uploads\/2023\/09\/email-mairie.png\" alt=\"\" class=\"wp-image-3965\" width=\"163\" height=\"32\" srcset=\"https:\/\/vuarnesson.ovh\/wp-content\/uploads\/2023\/09\/email-mairie.png 573w, https:\/\/vuarnesson.ovh\/wp-content\/uploads\/2023\/09\/email-mairie-300x59.png 300w\" sizes=\"auto, (max-width: 163px) 100vw, 163px\" \/><\/figure>\n\n\n\n<h2 class=\"wp-block-heading\">Venir \u00e0 Anch\u00e9<br><\/h2>\n\n\n\n<h3 class=\"wp-block-heading\">En voiture<\/h3>\n\n\n\n<div class=\"wp-block-image\"><figure class=\"alignleft is-resized\"><img loading=\"lazy\" decoding=\"async\" src=\"https:\/\/vuarnesson.ovh\/wp-content\/uploads\/2019\/03\/carte_anche_poitiers.jpg\" alt=\"\" class=\"wp-image-1503\" width=\"191\" height=\"202\" srcset=\"https:\/\/vuarnesson.ovh\/wp-content\/uploads\/2019\/03\/carte_anche_poitiers.jpg 354w, https:\/\/vuarnesson.ovh\/wp-content\/uploads\/2019\/03\/carte_anche_poitiers-284x300.jpg 284w\" sizes=\"auto, (max-width: 191px) 100vw, 191px\" \/><\/figure><\/div>\n\n\n\n<p><a rel=\"noreferrer noopener\" aria-label=\"Carte open street map (s\u2019ouvre dans un nouvel onglet)\" href=\"https:\/\/www.openstreetmap.org\/search?query=anch%C3%A9%2086700#map=13\/46.3497\/0.2684\" target=\"_blank\">Carte open street map<\/a><\/p>\n\n\n\n<ul class=\"wp-block-list\"><li>\u00c0 22 min de l&rsquo;autoroute A10 Poitiers Sud<\/li><li>\u00c0 10 km de Vivonne, Gen\u00e7ay et Couh\u00e9<\/li><\/ul>\n\n\n\n<h3 class=\"wp-block-heading\"><a href=\"https:\/\/vuarnesson.ovh\/index.php\/transports-en-commun\/#bus\">En bus<\/a><\/h3>\n\n\n\n<h3 class=\"wp-block-heading\"><a href=\"https:\/\/vuarnesson.ovh\/index.php\/transports-en-commun\/#train\">En train<\/a><\/h3>\n","protected":false},"excerpt":{"rendered":"<p>La mairie AdresseMaire d\u2019Anch\u00e91, Place Odile Bibaud86700 Anch\u00e9 Horaires d&rsquo;accueil :P\u00e9riode scolaire :Lundi : 9h-12h et 15h-18hMercredi : 9h-11h et 15h-18hVendredi : 9h-12hPendant les vacances scolaires :Lundi : 15h-18hMercredi: 15h-18hVendredi &hellip; <\/p>\n<p class=\"link-more\"><a href=\"https:\/\/vuarnesson.ovh\/?page_id=459\" class=\"more-link\">Continuer la lecture<span class=\"screen-reader-text\"> de &laquo;&nbsp;Coordonn\u00e9es&nbsp;&raquo;<\/span><\/a><\/p>\n","protected":false},"author":3,"featured_media":0,"parent":456,"menu_order":1,"comment_status":"closed","ping_status":"closed","template":"","meta":{"footnotes":""},"class_list":["post-459","page","type-page","status-publish","hentry"],"_links":{"self":[{"href":"https:\/\/vuarnesson.ovh\/index.php?rest_route=\/wp\/v2\/pages\/459","targetHints":{"allow":["GET"]}}],"collection":[{"href":"https:\/\/vuarnesson.ovh\/index.php?rest_route=\/wp\/v2\/pages"}],"about":[{"href":"https:\/\/vuarnesson.ovh\/index.php?rest_route=\/wp\/v2\/types\/page"}],"author":[{"embeddable":true,"href":"https:\/\/vuarnesson.ovh\/index.php?rest_route=\/wp\/v2\/users\/3"}],"replies":[{"embeddable":true,"href":"https:\/\/vuarnesson.ovh\/index.php?rest_route=%2Fwp%2Fv2%2Fcomments&post=459"}],"version-history":[{"count":0,"href":"https:\/\/vuarnesson.ovh\/index.php?rest_route=\/wp\/v2\/pages\/459\/revisions"}],"up":[{"embeddable":true,"href":"https:\/\/vuarnesson.ovh\/index.php?rest_route=\/wp\/v2\/pages\/456"}],"wp:attachment":[{"href":"https:\/\/vuarnesson.ovh\/index.php?rest_route=%2Fwp%2Fv2%2Fmedia&parent=459"}],"curies":[{"name":"wp","href":"https:\/\/api.w.org\/{rel}","templated":true}]}}