{"id":456,"date":"2019-03-06T16:50:35","date_gmt":"2019-03-06T15:50:35","guid":{"rendered":"https:\/\/anche.website\/?page_id=456"},"modified":"2019-03-06T16:50:35","modified_gmt":"2019-03-06T15:50:35","slug":"infos-pratiques","status":"publish","type":"page","link":"https:\/\/vuarnesson.ovh\/?page_id=456","title":{"rendered":"Infos pratiques"},"content":{"rendered":"\n<div class=\"wp-block-image\"><figure class=\"alignright\"><img loading=\"lazy\" decoding=\"async\" width=\"300\" height=\"180\" src=\"https:\/\/vuarnesson.ovh\/wp-content\/uploads\/2019\/03\/Vignettes100016-300x180.png\" alt=\"\" class=\"wp-image-309\" srcset=\"https:\/\/vuarnesson.ovh\/wp-content\/uploads\/2019\/03\/Vignettes100016-300x180.png 300w, https:\/\/vuarnesson.ovh\/wp-content\/uploads\/2019\/03\/Vignettes100016-768x461.png 768w, https:\/\/vuarnesson.ovh\/wp-content\/uploads\/2019\/03\/Vignettes100016.png 1000w\" sizes=\"auto, (max-width: 300px) 100vw, 300px\" \/><\/figure><\/div>\n\n\n<p><a href=\"https:\/\/vuarnesson.ovh\/index.php\/infos-pratiques\/coordonnees\/\" data-rich-text-format-boundary=\"true\"><span style=\"color: #ffcc99;\">Coordonn\u00e9es<\/span><\/a><br \/><span style=\"color: #ffcc99;\"><a style=\"color: #ffcc99;\" href=\"https:\/\/vuarnesson.ovh\/index.php\/transports-en-commun\/\">Transports en commun<\/a><\/span><br \/><span style=\"color: #ffcc99;\"><a style=\"color: #ffcc99;\" href=\"https:\/\/vuarnesson.ovh\/index.php\/infos-pratiques\/louer-la-salle-des-fetes\/\">Louer la salle des f\u00eates<\/a><\/span><br \/><span style=\"color: #ffcc99;\"><a style=\"color: #ffcc99;\" href=\"https:\/\/vuarnesson.ovh\/index.php\/dechets\/\">D\u00e9chets<\/a><\/span><br \/><span style=\"color: #ffcc99;\"><a style=\"color: #ffcc99;\" href=\"https:\/\/vuarnesson.ovh\/index.php\/infos-pratiques\/numeros-utiles\/\">Num\u00e9ros utiles<\/a><\/span><\/p>\n<p>\u00a0<\/p>","protected":false},"excerpt":{"rendered":"<p>Coordonn\u00e9esTransports en communLouer la salle des f\u00eatesD\u00e9chetsNum\u00e9ros utiles \u00a0<\/p>\n","protected":false},"author":3,"featured_media":0,"parent":0,"menu_order":0,"comment_status":"closed","ping_status":"closed","template":"","meta":{"footnotes":""},"class_list":["post-456","page","type-page","status-publish","hentry"],"_links":{"self":[{"href":"https:\/\/vuarnesson.ovh\/index.php?rest_route=\/wp\/v2\/pages\/456","targetHints":{"allow":["GET"]}}],"collection":[{"href":"https:\/\/vuarnesson.ovh\/index.php?rest_route=\/wp\/v2\/pages"}],"about":[{"href":"https:\/\/vuarnesson.ovh\/index.php?rest_route=\/wp\/v2\/types\/page"}],"author":[{"embeddable":true,"href":"https:\/\/vuarnesson.ovh\/index.php?rest_route=\/wp\/v2\/users\/3"}],"replies":[{"embeddable":true,"href":"https:\/\/vuarnesson.ovh\/index.php?rest_route=%2Fwp%2Fv2%2Fcomments&post=456"}],"version-history":[{"count":0,"href":"https:\/\/vuarnesson.ovh\/index.php?rest_route=\/wp\/v2\/pages\/456\/revisions"}],"wp:attachment":[{"href":"https:\/\/vuarnesson.ovh\/index.php?rest_route=%2Fwp%2Fv2%2Fmedia&parent=456"}],"curies":[{"name":"wp","href":"https:\/\/api.w.org\/{rel}","templated":true}]}}