{"id":451,"date":"2019-03-06T16:19:56","date_gmt":"2019-03-06T15:19:56","guid":{"rendered":"https:\/\/anche.website\/?page_id=451"},"modified":"2019-03-06T16:19:56","modified_gmt":"2019-03-06T15:19:56","slug":"activites-locales","status":"publish","type":"page","link":"https:\/\/vuarnesson.ovh\/?page_id=451","title":{"rendered":"Activit\u00e9s"},"content":{"rendered":"\n<div class=\"wp-block-image\"><figure class=\"alignright\"><img loading=\"lazy\" decoding=\"async\" width=\"300\" height=\"180\" src=\"https:\/\/vuarnesson.ovh\/wp-content\/uploads\/2019\/03\/Vignettes100006-300x180.png\" alt=\"\" class=\"wp-image-303\" srcset=\"https:\/\/vuarnesson.ovh\/wp-content\/uploads\/2019\/03\/Vignettes100006-300x180.png 300w, https:\/\/vuarnesson.ovh\/wp-content\/uploads\/2019\/03\/Vignettes100006-768x461.png 768w, https:\/\/vuarnesson.ovh\/wp-content\/uploads\/2019\/03\/Vignettes100006.png 1000w\" sizes=\"auto, (max-width: 300px) 100vw, 300px\" \/><\/figure><\/div>\n\n\n<p><a href=\"https:\/\/vuarnesson.ovh\/activites-locales\/loisirs-tourisme\/\"><span style=\"color: #ffcc99;\">Loisirs &amp; Tourisme<\/span><\/a><br>&#8211; <a href=\"https:\/\/vuarnesson.ovh\/activites-locales\/loisirs-tourisme\/#pre_du_pont\">Le Pr\u00e9 du Pont<\/a><br>&#8211; <a href=\"https:\/\/vuarnesson.ovh\/activites-locales\/loisirs-tourisme\/#terrain_de_tennis\">Le terrain de tennis<\/a><br>&#8211; <a href=\"https:\/\/vuarnesson.ovh\/activites-locales\/loisirs-tourisme\/#randonnes\">Les circuits de randonn\u00e9es<\/a> <br>&#8211; <a href=\"https:\/\/vuarnesson.ovh\/activites-locales\/loisirs-tourisme\/#a_cheval\">Se balader \u00e0 cheval<\/a><br>&#8211; <a href=\"https:\/\/vuarnesson.ovh\/activites-locales\/loisirs-tourisme\/#sejourner_a_anche\">S\u00e9journer \u00e0 Anch\u00e9<\/a><br>&#8211; <a href=\"https:\/\/vuarnesson.ovh\/activites-locales\/loisirs-tourisme\/#attractions_touristiques\">Quelques attractions touristiques \u00e0 proximit\u00e9 d&rsquo;Anch\u00e9<\/a><br><a href=\"https:\/\/vuarnesson.ovh\/activites-locales\/associations\/\"><span style=\"color: #ffcc99;\">Associations<\/span><\/a><br>&#8211; <a href=\"https:\/\/vuarnesson.ovh\/activites-locales\/associations\/#anchentee\">L&rsquo;Anchent\u00e9e<\/a><br>&#8211; <a href=\"https:\/\/vuarnesson.ovh\/activites-locales\/associations\/#les_pois_chiches\">Les Pois Chiches<\/a><br>&#8211; <a href=\"https:\/\/vuarnesson.ovh\/activites-locales\/associations\/#bonne_humeur\">Les Compagnons de la bonne humeur<\/a><br>&#8211; <a href=\"https:\/\/vuarnesson.ovh\/activites-locales\/associations\/#herbe_d_or\">L&rsquo;Herbe d&rsquo;Or<\/a><br>&#8211; <a href=\"https:\/\/vuarnesson.ovh\/activites-locales\/associations\/#club_des_aines\">Le Club des A\u00een\u00e9s<\/a><br>&#8211; <a href=\"https:\/\/vuarnesson.ovh\/activites-locales\/associations\/#acca\">L&rsquo;ACCA<\/a><br>&#8211; <a href=\"https:\/\/vuarnesson.ovh\/activites-locales\/associations\/#relais_equestre\">Le Relais \u00c9questre<\/a><br><a href=\"https:\/\/vuarnesson.ovh\/activites-locales\/entreprises\/\"><span style=\"color: #ffcc99;\">Activit\u00e9s \u00e9conomiques<\/span><\/a><br>&#8211; <a href=\"https:\/\/vuarnesson.ovh\/activites-locales\/entreprises\/#a_anche\">Sur la commune d&rsquo;Anch\u00e9<\/a><br>&#8211; <a href=\"https:\/\/vuarnesson.ovh\/activites-locales\/entreprises\/#gites\">H\u00e9bergements<\/a><br>&#8211; <a href=\"https:\/\/vuarnesson.ovh\/activites-locales\/entreprises\/#itinerants\">Les commerces et services itin\u00e9rants<\/a><br>&#8211; <a href=\"https:\/\/vuarnesson.ovh\/activites-locales\/entreprises\/#alentours\">Rebondir vers les communes alentour<\/a><\/p>","protected":false},"excerpt":{"rendered":"<p>Loisirs &amp; Tourisme&#8211; Le Pr\u00e9 du Pont&#8211; Le terrain de tennis&#8211; Les circuits de randonn\u00e9es &#8211; Se balader \u00e0 cheval&#8211; S\u00e9journer \u00e0 Anch\u00e9&#8211; Quelques attractions touristiques \u00e0 proximit\u00e9 d&rsquo;Anch\u00e9Associations&#8211; L&rsquo;Anchent\u00e9e&#8211; &hellip; <\/p>\n<p class=\"link-more\"><a href=\"https:\/\/vuarnesson.ovh\/?page_id=451\" class=\"more-link\">Continuer la lecture<span class=\"screen-reader-text\"> de &laquo;&nbsp;Activit\u00e9s&nbsp;&raquo;<\/span><\/a><\/p>\n","protected":false},"author":3,"featured_media":0,"parent":0,"menu_order":0,"comment_status":"closed","ping_status":"closed","template":"","meta":{"footnotes":""},"class_list":["post-451","page","type-page","status-publish","hentry"],"_links":{"self":[{"href":"https:\/\/vuarnesson.ovh\/index.php?rest_route=\/wp\/v2\/pages\/451","targetHints":{"allow":["GET"]}}],"collection":[{"href":"https:\/\/vuarnesson.ovh\/index.php?rest_route=\/wp\/v2\/pages"}],"about":[{"href":"https:\/\/vuarnesson.ovh\/index.php?rest_route=\/wp\/v2\/types\/page"}],"author":[{"embeddable":true,"href":"https:\/\/vuarnesson.ovh\/index.php?rest_route=\/wp\/v2\/users\/3"}],"replies":[{"embeddable":true,"href":"https:\/\/vuarnesson.ovh\/index.php?rest_route=%2Fwp%2Fv2%2Fcomments&post=451"}],"version-history":[{"count":0,"href":"https:\/\/vuarnesson.ovh\/index.php?rest_route=\/wp\/v2\/pages\/451\/revisions"}],"wp:attachment":[{"href":"https:\/\/vuarnesson.ovh\/index.php?rest_route=%2Fwp%2Fv2%2Fmedia&parent=451"}],"curies":[{"name":"wp","href":"https:\/\/api.w.org\/{rel}","templated":true}]}}