{"id":409,"date":"2019-03-06T11:05:09","date_gmt":"2019-03-06T10:05:09","guid":{"rendered":"https:\/\/anche.website\/?page_id=409"},"modified":"2019-03-06T11:05:09","modified_gmt":"2019-03-06T10:05:09","slug":"loisirs-tourisme","status":"publish","type":"page","link":"https:\/\/vuarnesson.ovh\/?page_id=409","title":{"rendered":"Loisirs \/ Tourisme"},"content":{"rendered":"<h2><span style=\"color: #ffcc00;\">Anch\u00e9 d\u00e9tente<br \/><\/span><\/h2>\n\n\n<hr class=\"wp-block-separator has-css-opacity is-style-wide\"\/>\n\n\n\n<h3 class=\"wp-block-heading\" id=\"pre_du_pont\">Aire de d\u00e9tente du Pr\u00e9 du Pont<\/h3>\n\n\n\n<figure class=\"wp-block-image is-resized\"><img loading=\"lazy\" decoding=\"async\" src=\"https:\/\/vuarnesson.ovh\/wp-content\/uploads\/2019\/07\/V_pre-du-pont.jpg\" alt=\"\" class=\"wp-image-2819\" style=\"width:527px;height:176px\" width=\"527\" height=\"176\" srcset=\"https:\/\/vuarnesson.ovh\/wp-content\/uploads\/2019\/07\/V_pre-du-pont.jpg 600w, https:\/\/vuarnesson.ovh\/wp-content\/uploads\/2019\/07\/V_pre-du-pont-300x100.jpg 300w\" sizes=\"auto, (max-width: 527px) 100vw, 527px\" \/><\/figure>\n\n\n\n<p>Terrain communal d&rsquo;environ trois hectares situ\u00e9 au bord du Clain, \u00e0 c\u00f4t\u00e9 d&rsquo;un pont bi-centenaire. Il a le charme bucolique d&rsquo;une prairie au bord de l&rsquo;eau. \u00c0 disposition : tables de pique-nique, jeux pour les enfants (sous la responsabilit\u00e9 des parents), table de ping-pong, terrains pour les jeux de boules. Les rives du Clain sont d\u00e9gag\u00e9es pour la p\u00eache. Parking en face. WC dans le petit chemin derri\u00e8re les jeux pour enfants.<\/p>\n\n\n\n<h3 class=\"wp-block-heading\" id=\"terrain_de_tennis\">Terrain de tennis<\/h3>\n\n\n\n<p>Le court se situe dans le bourg, \u00e0 c\u00f4t\u00e9 de l&rsquo;\u00e9glise. Il est ouvert \u00e0 tous.<\/p>\n\n\n\n<h3 class=\"wp-block-heading\" id=\"randonnees\">Circuits de randonn\u00e9es<\/h3>\n\n\n<p>Plusieurs circuits de petites randonn\u00e9es sont \u00e0 d\u00e9couvrir \u00e0 travers la campagne : les Bois des Coussi\u00e8res et le long des rives du Clain. <a href=\"https:\/\/vuarnesson.ovh\/wp-content\/uploads\/2019\/07\/Anche-Chemins-Publics.jpg\" target=\"_blank\" rel=\"noopener noreferrer\"><span style=\"color: #ffcc00;\">Carte des sentiers<\/span><\/a>.<br data-rich-text-line-break=\"true\"><br data-rich-text-line-break=\"true\">L&rsquo;Agence de Cr\u00e9ativit\u00e9 et d&rsquo;Attractivit\u00e9 du Poitou propose \u00ab\u00a0<a href=\"https:\/\/randonnees-vienne.com\/fiche\/155\/randonnees-pedestres\/sentier-des-marches-du-clain\" target=\"_blank\" rel=\"noreferrer noopener\" aria-label=\"le sentier des marches du Clain (s\u2019ouvre dans un nouvel onglet)\"><span style=\"color: #ffcc00;\">le sentier des marches du Clain<\/span><\/a>\u00a0\u00bb de 18 km, d\u00e9part \u00e0 Anch\u00e9.<\/p>\n\n\n<h3 class=\"wp-block-heading\" id=\"a_cheval\">Se balader \u00e0 cheval<\/h3>\n\n\n<div class=\"wp-block-image\">\n<figure class=\"alignleft is-resized\"><img loading=\"lazy\" decoding=\"async\" src=\"https:\/\/vuarnesson.ovh\/wp-content\/uploads\/2019\/04\/v_relais_equestre_bois.jpg\" alt=\"\" class=\"wp-image-2153\" style=\"width:117px;height:117px\" width=\"117\" height=\"117\" srcset=\"https:\/\/vuarnesson.ovh\/wp-content\/uploads\/2019\/04\/v_relais_equestre_bois.jpg 236w, https:\/\/vuarnesson.ovh\/wp-content\/uploads\/2019\/04\/v_relais_equestre_bois-150x150.jpg 150w, https:\/\/vuarnesson.ovh\/wp-content\/uploads\/2019\/04\/v_relais_equestre_bois-100x100.jpg 100w\" sizes=\"auto, (max-width: 117px) 100vw, 117px\" \/><\/figure>\n<\/div>\n\n<p><a href=\"https:\/\/vuarnesson.ovh\/index.php\/activites-locales\/associations\/#relais_equestre\" data-rich-text-format-boundary=\"true\"><span style=\"color: #ffcc00;\">Balades \u00e0 cheval<\/span><\/a> pour d\u00e9butants et confirm\u00e9s.<br data-rich-text-line-break=\"true\">D\u00e9couvrir les vallons, les bois et les rives sous un autre angle\u2026<\/p>\n\n\n<h3 class=\"wp-block-heading\" id=\"sejourner_a_anche\">S\u00e9journer \u00e0 Anch\u00e9<a href=\"https:\/\/vuarnesson.ovh\/index.php\/activites-locales\/les-entreprises\/#gites\"><br><\/a><\/h3>\n\n\n<div class=\"wp-block-image\">\n<figure class=\"alignleft is-resized\"><img loading=\"lazy\" decoding=\"async\" src=\"https:\/\/vuarnesson.ovh\/wp-content\/uploads\/2019\/04\/v_logo_gite_de_france.jpg\" alt=\"\" class=\"wp-image-2158\" style=\"width:117px;height:117px\" width=\"117\" height=\"117\" srcset=\"https:\/\/vuarnesson.ovh\/wp-content\/uploads\/2019\/04\/v_logo_gite_de_france.jpg 236w, https:\/\/vuarnesson.ovh\/wp-content\/uploads\/2019\/04\/v_logo_gite_de_france-150x150.jpg 150w, https:\/\/vuarnesson.ovh\/wp-content\/uploads\/2019\/04\/v_logo_gite_de_france-100x100.jpg 100w\" sizes=\"auto, (max-width: 117px) 100vw, 117px\" \/><\/figure>\n<\/div>\n\n<p>Du <a href=\"https:\/\/vuarnesson.ovh\/index.php\/activites-locales\/entreprises\/#gites\"><span style=\"color: #ffcc00;\">\u00ab\u00a0camping \u00e0 la ferme\u00a0\u00bb au g\u00eete tout confort<\/span><\/a>, vous avez le choix&#8230;<\/p>\n\n\n<h2 class=\"wp-block-heading\" id=\"attractions_touristiques\">Quelques attractions touristiques \u00e0 proximit\u00e9 d&rsquo;Anch\u00e9<\/h2>\n\n\n\n<hr class=\"wp-block-separator has-css-opacity is-style-wide\"\/>\n\n\n\n<div class=\"wp-block-media-text alignwide is-stacked-on-mobile\" style=\"grid-template-columns:18% auto\"><figure class=\"wp-block-media-text__media\"><img loading=\"lazy\" decoding=\"async\" width=\"236\" height=\"236\" src=\"https:\/\/vuarnesson.ovh\/wp-content\/uploads\/2019\/12\/v_iles_de_payre.jpg\" alt=\"\" class=\"wp-image-3038 size-full\" srcset=\"https:\/\/vuarnesson.ovh\/wp-content\/uploads\/2019\/12\/v_iles_de_payre.jpg 236w, https:\/\/vuarnesson.ovh\/wp-content\/uploads\/2019\/12\/v_iles_de_payre-150x150.jpg 150w, https:\/\/vuarnesson.ovh\/wp-content\/uploads\/2019\/12\/v_iles_de_payre-100x100.jpg 100w\" sizes=\"auto, (max-width: 236px) 100vw, 236px\" \/><\/figure><div class=\"wp-block-media-text__content\">\n<p>Base de loisirs, <em>Valence-en-Poitou, Payr\u00e9<\/em><br><a rel=\"noreferrer noopener\" href=\"https:\/\/www.tourisme-vienne.com\/fr\/activite\/235\/base-de-loisirs-les-iles-de-payre\" target=\"_blank\">Les \u00eeles de Payr\u00e9<\/a><\/p>\n<\/div><\/div>\n\n\n\n<div class=\"wp-block-media-text alignwide is-stacked-on-mobile\" style=\"grid-template-columns:18% auto\"><figure class=\"wp-block-media-text__media\"><img loading=\"lazy\" decoding=\"async\" width=\"236\" height=\"236\" src=\"https:\/\/vuarnesson.ovh\/wp-content\/uploads\/2019\/03\/v_cine-gencay.jpg\" alt=\"\" class=\"wp-image-1077 size-full\" srcset=\"https:\/\/vuarnesson.ovh\/wp-content\/uploads\/2019\/03\/v_cine-gencay.jpg 236w, https:\/\/vuarnesson.ovh\/wp-content\/uploads\/2019\/03\/v_cine-gencay-150x150.jpg 150w, https:\/\/vuarnesson.ovh\/wp-content\/uploads\/2019\/03\/v_cine-gencay-100x100.jpg 100w\" sizes=\"auto, (max-width: 236px) 100vw, 236px\" \/><\/figure><div class=\"wp-block-media-text__content\">\n<p><a rel=\"noreferrer noopener\" aria-label=\" (s\u2019ouvre dans un nouvel onglet)\" href=\"https:\/\/cinemadegencay.fr\/\" target=\"_blank\">Cin\u00e9ma d&rsquo;Art et d&rsquo;Essai<\/a>, <em>Gen\u00e7ay<\/em><\/p>\n<\/div><\/div>\n\n\n\n<div class=\"wp-block-media-text alignwide is-stacked-on-mobile\" style=\"grid-template-columns:18% auto\"><figure class=\"wp-block-media-text__media\"><img loading=\"lazy\" decoding=\"async\" width=\"236\" height=\"236\" src=\"https:\/\/vuarnesson.ovh\/wp-content\/uploads\/2019\/03\/v_parc_de_la_belle.jpg\" alt=\"\" class=\"wp-image-691 size-full\" srcset=\"https:\/\/vuarnesson.ovh\/wp-content\/uploads\/2019\/03\/v_parc_de_la_belle.jpg 236w, https:\/\/vuarnesson.ovh\/wp-content\/uploads\/2019\/03\/v_parc_de_la_belle-150x150.jpg 150w, https:\/\/vuarnesson.ovh\/wp-content\/uploads\/2019\/03\/v_parc_de_la_belle-100x100.jpg 100w\" sizes=\"auto, (max-width: 236px) 100vw, 236px\" \/><\/figure><div class=\"wp-block-media-text__content\">\n<p>Jardins et cabanes dans les arbres, <em>Magn\u00e9<\/em><br><a rel=\"noreferrer noopener\" aria-label=\"Le Parc de la Belle, Magn\u00e9 (s\u2019ouvre dans un nouvel onglet)\" href=\"http:\/\/www.parcdelabelle.com\/\" target=\"_blank\">Le Parc de la Belle<\/a><\/p>\n<\/div><\/div>\n\n\n\n<div class=\"wp-block-media-text alignwide is-stacked-on-mobile\" style=\"grid-template-columns:18% auto\"><figure class=\"wp-block-media-text__media\"><img loading=\"lazy\" decoding=\"async\" width=\"236\" height=\"236\" src=\"https:\/\/vuarnesson.ovh\/wp-content\/uploads\/2019\/03\/v_canoe.jpg\" alt=\"\" class=\"wp-image-1169 size-full\" srcset=\"https:\/\/vuarnesson.ovh\/wp-content\/uploads\/2019\/03\/v_canoe.jpg 236w, https:\/\/vuarnesson.ovh\/wp-content\/uploads\/2019\/03\/v_canoe-150x150.jpg 150w, https:\/\/vuarnesson.ovh\/wp-content\/uploads\/2019\/03\/v_canoe-100x100.jpg 100w\" sizes=\"auto, (max-width: 236px) 100vw, 236px\" \/><\/figure><div class=\"wp-block-media-text__content\">\n<p>Cano\u00eb Kayak, <em>Vivonne<\/em><br><a rel=\"noreferrer noopener\" aria-label=\"Les pagayous (s\u2019ouvre dans un nouvel onglet)\" href=\"https:\/\/vivonne.canoe86.org\/tourisme\/\" target=\"_blank\">Les pagayous<\/a><\/p>\n<\/div><\/div>\n\n\n\n<div class=\"wp-block-media-text alignwide is-stacked-on-mobile\" style=\"grid-template-columns:18% auto\"><figure class=\"wp-block-media-text__media\"><img loading=\"lazy\" decoding=\"async\" width=\"236\" height=\"236\" src=\"https:\/\/vuarnesson.ovh\/wp-content\/uploads\/2019\/05\/v_water_jump_vivonne.jpg\" alt=\"\" class=\"wp-image-2558 size-full\" srcset=\"https:\/\/vuarnesson.ovh\/wp-content\/uploads\/2019\/05\/v_water_jump_vivonne.jpg 236w, https:\/\/vuarnesson.ovh\/wp-content\/uploads\/2019\/05\/v_water_jump_vivonne-150x150.jpg 150w, https:\/\/vuarnesson.ovh\/wp-content\/uploads\/2019\/05\/v_water_jump_vivonne-100x100.jpg 100w\" sizes=\"auto, (max-width: 236px) 100vw, 236px\" \/><\/figure><div class=\"wp-block-media-text__content\">\n<p>Parc aquatique, <em>Vivonne<\/em><br><a rel=\"noreferrer noopener\" aria-label=\"Water Jump (s\u2019ouvre dans un nouvel onglet)\" href=\"https:\/\/www.tourisme-vienne.com\/fr\/activite\/1014\/gliss-up-water-jump-parc\" target=\"_blank\">Gliss-Up Water Jump<\/a><\/p>\n<\/div><\/div>\n\n\n\n<div class=\"wp-block-media-text alignwide is-stacked-on-mobile\" style=\"grid-template-columns:18% auto\"><figure class=\"wp-block-media-text__media\"><img loading=\"lazy\" decoding=\"async\" width=\"236\" height=\"236\" src=\"https:\/\/vuarnesson.ovh\/wp-content\/uploads\/2019\/03\/v_labyrinthe_vegetal.jpg\" alt=\"\" class=\"wp-image-692 size-full\" srcset=\"https:\/\/vuarnesson.ovh\/wp-content\/uploads\/2019\/03\/v_labyrinthe_vegetal.jpg 236w, https:\/\/vuarnesson.ovh\/wp-content\/uploads\/2019\/03\/v_labyrinthe_vegetal-150x150.jpg 150w, https:\/\/vuarnesson.ovh\/wp-content\/uploads\/2019\/03\/v_labyrinthe_vegetal-100x100.jpg 100w\" sizes=\"auto, (max-width: 236px) 100vw, 236px\" \/><\/figure><div class=\"wp-block-media-text__content\">\n<p>Labyrinthe v\u00e9g\u00e9tal,<em> Romagne<\/em><br><a rel=\"noreferrer noopener\" aria-label=\"Labyrinthe v\u00e9g\u00e9tal, Le sentier des pas perdus (s\u2019ouvre dans un nouvel onglet)\" href=\"https:\/\/labyrinthe-vegetal.com\/\" target=\"_blank\">Le sentier des pas perdus<\/a><\/p>\n<\/div><\/div>\n\n\n\n<div class=\"wp-block-media-text alignwide is-stacked-on-mobile\" style=\"grid-template-columns:18% auto\"><figure class=\"wp-block-media-text__media\"><img loading=\"lazy\" decoding=\"async\" width=\"236\" height=\"236\" src=\"https:\/\/vuarnesson.ovh\/wp-content\/uploads\/2019\/03\/v_valle_des_singes.jpg\" alt=\"\" class=\"wp-image-1081 size-full\" srcset=\"https:\/\/vuarnesson.ovh\/wp-content\/uploads\/2019\/03\/v_valle_des_singes.jpg 236w, https:\/\/vuarnesson.ovh\/wp-content\/uploads\/2019\/03\/v_valle_des_singes-150x150.jpg 150w, https:\/\/vuarnesson.ovh\/wp-content\/uploads\/2019\/03\/v_valle_des_singes-100x100.jpg 100w\" sizes=\"auto, (max-width: 236px) 100vw, 236px\" \/><\/figure><div class=\"wp-block-media-text__content\">\n<p><a rel=\"noreferrer noopener\" aria-label=\"La vall\u00e9e des singes, Romagne (s\u2019ouvre dans un nouvel onglet)\" href=\"http:\/\/www.la-vallee-des-singes.fr\" target=\"_blank\">La vall\u00e9e des singes<\/a>, <em>Romagne<\/em><\/p>\n<\/div><\/div>\n\n\n\n<div class=\"wp-block-media-text alignwide is-stacked-on-mobile\" style=\"grid-template-columns:18% auto\"><figure class=\"wp-block-media-text__media\"><img loading=\"lazy\" decoding=\"async\" width=\"100\" height=\"100\" src=\"https:\/\/vuarnesson.ovh\/wp-content\/uploads\/2019\/03\/v_chateau_d_epanvilliers.jpg\" alt=\"\" class=\"wp-image-654 size-full\"\/><\/figure><div class=\"wp-block-media-text__content\">\n<p>Le Ch\u00e2teau d\u2019\u00c9panvilliers, <em>\u00c9panvilliers<\/em><br> T\u00e9l. : z\u00e9ro cinq 49 87 18 43<\/p>\n<\/div><\/div>\n\n\n<h2><span style=\"color: #ffcc00;\">En savoir plus&#8230;<\/span><\/h2>\n\n\n<hr class=\"wp-block-separator has-css-opacity is-style-wide\"\/>\n\n\n\n<p><a href=\"https:\/\/www.tourismecivraisienpoitou.com\/\" target=\"_blank\" rel=\"noreferrer noopener\">La Maison du Tourisme du Civraisien en Poitou<\/a><\/p>\n","protected":false},"excerpt":{"rendered":"<p>Anch\u00e9 d\u00e9tente Aire de d\u00e9tente du Pr\u00e9 du Pont Terrain communal d&rsquo;environ trois hectares situ\u00e9 au bord du Clain, \u00e0 c\u00f4t\u00e9 d&rsquo;un pont bi-centenaire. Il a le charme bucolique d&rsquo;une &hellip; <\/p>\n<p class=\"link-more\"><a href=\"https:\/\/vuarnesson.ovh\/?page_id=409\" class=\"more-link\">Continuer la lecture<span class=\"screen-reader-text\"> de &laquo;&nbsp;Loisirs \/ Tourisme&nbsp;&raquo;<\/span><\/a><\/p>\n","protected":false},"author":3,"featured_media":0,"parent":451,"menu_order":1,"comment_status":"closed","ping_status":"closed","template":"","meta":{"footnotes":""},"class_list":["post-409","page","type-page","status-publish","hentry"],"_links":{"self":[{"href":"https:\/\/vuarnesson.ovh\/index.php?rest_route=\/wp\/v2\/pages\/409","targetHints":{"allow":["GET"]}}],"collection":[{"href":"https:\/\/vuarnesson.ovh\/index.php?rest_route=\/wp\/v2\/pages"}],"about":[{"href":"https:\/\/vuarnesson.ovh\/index.php?rest_route=\/wp\/v2\/types\/page"}],"author":[{"embeddable":true,"href":"https:\/\/vuarnesson.ovh\/index.php?rest_route=\/wp\/v2\/users\/3"}],"replies":[{"embeddable":true,"href":"https:\/\/vuarnesson.ovh\/index.php?rest_route=%2Fwp%2Fv2%2Fcomments&post=409"}],"version-history":[{"count":0,"href":"https:\/\/vuarnesson.ovh\/index.php?rest_route=\/wp\/v2\/pages\/409\/revisions"}],"up":[{"embeddable":true,"href":"https:\/\/vuarnesson.ovh\/index.php?rest_route=\/wp\/v2\/pages\/451"}],"wp:attachment":[{"href":"https:\/\/vuarnesson.ovh\/index.php?rest_route=%2Fwp%2Fv2%2Fmedia&parent=409"}],"curies":[{"name":"wp","href":"https:\/\/api.w.org\/{rel}","templated":true}]}}