{"id":3978,"date":"2023-09-15T10:19:14","date_gmt":"2023-09-15T08:19:14","guid":{"rendered":"https:\/\/anche.website\/?page_id=3978"},"modified":"2023-09-15T10:19:14","modified_gmt":"2023-09-15T08:19:14","slug":"cimetiere","status":"publish","type":"page","link":"https:\/\/vuarnesson.ovh\/?page_id=3978","title":{"rendered":"Cimeti\u00e8re"},"content":{"rendered":"\n<p>Tarif des concessions, forfait par emplacement :<br><br>Dur\u00e9e de 15 ans : 50 euros<br>Dur\u00e9e de 30 ans : 120 euros<br>Dur\u00e9e de 50 ans : 220 euros<br><br>1 cavurne d&rsquo;une dur\u00e9e de 50 ans : 481,20 euros<br>Une cavurne peut contenir jusqu&rsquo;\u00e0 4 urnes fun\u00e9raires.<br>Les plaques pour graver noms et dates sont fournies.<br><br><em>D\u00e9lib\u00e9ration du 6 d\u00e9cembre 2021<\/em><br><br>Nous vous rappelons qu&rsquo;il est interdit d&rsquo;utiliser des produits phytosanitaires dans le cimeti\u00e8re.<br><br>Pour le renouvellement d&rsquo;une concession, vous pouvez contacter la mairie ou nous envoyer ce formulaire rempli : <a href=\"https:\/\/vuarnesson.ovh\/wp-content\/uploads\/2023\/09\/DEMANDE-DE-RENOUVELLEMENT.pdf\">demande de renouvellement<\/a><\/p>\n","protected":false},"excerpt":{"rendered":"<p>Tarif des concessions, forfait par emplacement : Dur\u00e9e de 15 ans : 50 eurosDur\u00e9e de 30 ans : 120 eurosDur\u00e9e de 50 ans : 220 euros 1 cavurne d&rsquo;une dur\u00e9e &hellip; <\/p>\n<p class=\"link-more\"><a href=\"https:\/\/vuarnesson.ovh\/?page_id=3978\" class=\"more-link\">Continuer la lecture<span class=\"screen-reader-text\"> de &laquo;&nbsp;Cimeti\u00e8re&nbsp;&raquo;<\/span><\/a><\/p>\n","protected":false},"author":3,"featured_media":0,"parent":0,"menu_order":0,"comment_status":"closed","ping_status":"closed","template":"","meta":{"footnotes":""},"class_list":["post-3978","page","type-page","status-publish","hentry"],"_links":{"self":[{"href":"https:\/\/vuarnesson.ovh\/index.php?rest_route=\/wp\/v2\/pages\/3978","targetHints":{"allow":["GET"]}}],"collection":[{"href":"https:\/\/vuarnesson.ovh\/index.php?rest_route=\/wp\/v2\/pages"}],"about":[{"href":"https:\/\/vuarnesson.ovh\/index.php?rest_route=\/wp\/v2\/types\/page"}],"author":[{"embeddable":true,"href":"https:\/\/vuarnesson.ovh\/index.php?rest_route=\/wp\/v2\/users\/3"}],"replies":[{"embeddable":true,"href":"https:\/\/vuarnesson.ovh\/index.php?rest_route=%2Fwp%2Fv2%2Fcomments&post=3978"}],"version-history":[{"count":0,"href":"https:\/\/vuarnesson.ovh\/index.php?rest_route=\/wp\/v2\/pages\/3978\/revisions"}],"wp:attachment":[{"href":"https:\/\/vuarnesson.ovh\/index.php?rest_route=%2Fwp%2Fv2%2Fmedia&parent=3978"}],"curies":[{"name":"wp","href":"https:\/\/api.w.org\/{rel}","templated":true}]}}