{"id":392,"date":"2019-03-05T21:36:25","date_gmt":"2019-03-05T20:36:25","guid":{"rendered":"https:\/\/anche.website\/?page_id=392"},"modified":"2019-03-05T21:36:25","modified_gmt":"2019-03-05T20:36:25","slug":"entreprises","status":"publish","type":"page","link":"https:\/\/vuarnesson.ovh\/?page_id=392","title":{"rendered":"Activit\u00e9s \u00e9conomiques"},"content":{"rendered":"<p><span style=\"color: #999999;\"><a href=\"https:\/\/vuarnesson.ovh\/activites-locales\/entreprises\/#a_anche\">Sur la commune d&rsquo;Anch\u00e9<\/a> &#8211; <a href=\"https:\/\/vuarnesson.ovh\/activites-locales\/entreprises\/#gites\">H\u00e9bergements<\/a> &#8211; <a href=\"https:\/\/vuarnesson.ovh\/activites-locales\/entreprises\/#itinerants\">Les commerces et services itin\u00e9rants<\/a> &#8211; <a href=\"https:\/\/vuarnesson.ovh\/activites-locales\/entreprises\/#alentours\">Rebondir vers les communes alentour<\/a><\/span><\/p>\n\n\n<figure class=\"wp-block-image is-resized\"><img loading=\"lazy\" decoding=\"async\" width=\"631\" height=\"143\" src=\"https:\/\/vuarnesson.ovh\/wp-content\/uploads\/2019\/04\/t_local.jpg\" alt=\"\" class=\"wp-image-2138\" style=\"width:487px;height:110px\" srcset=\"https:\/\/vuarnesson.ovh\/wp-content\/uploads\/2019\/04\/t_local.jpg 631w, https:\/\/vuarnesson.ovh\/wp-content\/uploads\/2019\/04\/t_local-300x68.jpg 300w\" sizes=\"auto, (max-width: 631px) 100vw, 631px\" \/><\/figure>\n\n\n\n<h2 class=\"wp-block-heading\" id=\"a_anche\">SUR LA COMMUNE D&rsquo;ANCH\u00c9<\/h2>\n\n\n\n<hr class=\"wp-block-separator has-css-opacity is-style-wide\"\/>\n\n\n<p><span style=\"color: #99cc00;\"><strong>PAYSAGISTE, <\/strong><em>Le Courtioux<br \/><\/em><\/span><\/p>\n\n\n<figure class=\"wp-block-image size-large is-resized\"><img loading=\"lazy\" decoding=\"async\" width=\"764\" height=\"249\" src=\"https:\/\/vuarnesson.ovh\/wp-content\/uploads\/2020\/06\/v_ENT_paysagiste.jpg\" alt=\"\" class=\"wp-image-3402\" style=\"width:382px;height:124px\" srcset=\"https:\/\/vuarnesson.ovh\/wp-content\/uploads\/2020\/06\/v_ENT_paysagiste.jpg 764w, https:\/\/vuarnesson.ovh\/wp-content\/uploads\/2020\/06\/v_ENT_paysagiste-300x98.jpg 300w\" sizes=\"auto, (max-width: 706px) 89vw, (max-width: 767px) 82vw, 740px\" \/><\/figure>\n\n\n<p><span style=\"color: #99cc00;\"><span style=\"color: #999999;\"><a href=\"https:\/\/paysagiste-tillet.fr\" target=\"_blank\" rel=\"noopener noreferrer\"><strong><span style=\"color: #999999;\">Anthony Tillet<\/span><\/strong><\/a> &#8211; T\u00e9l : z\u00e9ro six 82 22 40 41 &#8211; tilletanthony at gmail.com<\/span><strong><br \/><\/strong><\/span>Am\u00e9nagement et entretien. Service \u00e0 la personne en CESU (Ch\u00e8que Emploi Service Universel)<\/p>\n<p><span style=\"color: #99cc00;\"><strong>INSTITUT DE BEAUT\u00c9, <\/strong><em>Villenon<\/em><\/span><\/p>\n\n\n<figure class=\"wp-block-image is-resized\"><img loading=\"lazy\" decoding=\"async\" width=\"764\" height=\"249\" src=\"https:\/\/vuarnesson.ovh\/wp-content\/uploads\/2019\/05\/entreprises_grain_de_beaute-1.jpg\" alt=\"\" class=\"wp-image-2455\" style=\"width:382px;height:125px\" srcset=\"https:\/\/vuarnesson.ovh\/wp-content\/uploads\/2019\/05\/entreprises_grain_de_beaute-1.jpg 764w, https:\/\/vuarnesson.ovh\/wp-content\/uploads\/2019\/05\/entreprises_grain_de_beaute-1-300x98.jpg 300w\" sizes=\"auto, (max-width: 706px) 89vw, (max-width: 767px) 82vw, 740px\" \/><\/figure>\n\n\n<p><span style=\"color: #999999;\"><a style=\"color: #999999;\" href=\"http:\/\/graindebeautevalerie.jimdo.com\" target=\"_blank\" rel=\"noopener noreferrer\"><strong>Grain de beaut\u00e9<\/strong><\/a><\/span><span style=\"color: #999999;\"> &#8211; T\u00e9l : z\u00e9ro cinq 49 18 22 15 &#8211; z\u00e9ro six 03 56 77 46<\/span><em><br \/><\/em>Pour prendre soin de vous&#8230;<br \/>\u00c9pilation, beaut\u00e9 des pieds et mains, maquillage, soins visage et corps, soins \u00e9nerg\u00e9tiques et Reiki&#8230; Les produits utilis\u00e9s sont naturels et bio.<\/p>\n<p><span style=\"color: #99cc00;\"><strong>CORRECTRICE, <\/strong><em>Anch\u00e9<\/em><\/span><\/p>\n\n\n<figure class=\"wp-block-image size-full is-resized\"><img loading=\"lazy\" decoding=\"async\" width=\"764\" height=\"249\" src=\"http:\/\/vuarnesson.ovh\/wp-content\/uploads\/2024\/06\/v_SANSFAUTES.jpg\" alt=\"\" class=\"wp-image-4236\" style=\"width:382px;height:auto\" srcset=\"https:\/\/vuarnesson.ovh\/wp-content\/uploads\/2024\/06\/v_SANSFAUTES.jpg 764w, https:\/\/vuarnesson.ovh\/wp-content\/uploads\/2024\/06\/v_SANSFAUTES-300x98.jpg 300w\" sizes=\"auto, (max-width: 706px) 89vw, (max-width: 767px) 82vw, 740px\" \/><\/figure>\n\n\n<p><span style=\"color: #999999;\"><a href=\"https:\/\/fr.linkedin.com\/in\/carole-blet-325b30232\" target=\"_blank\" rel=\"noopener\"><strong><span style=\"color: #808080;\">Sans fautes<\/span><\/strong><\/a> &#8211; Carole BLET &#8211; T\u00e9l : z\u00e9ro sept 50 41 14 76 &#8211; carozen@yahoo.fr<\/span><em><br \/><\/em>Services de correction pour la presse, l\u2019\u00e9dition et toutes collectivit\u00e9s et entreprises, associations et particuliers. Lectrice-correctrice dipl\u00f4m\u00e9e, je corrige l\u2019orthographe, la ponctuation, la typographie, la mise en page ainsi que le style et la clart\u00e9 du texte. Vous pouvez me confier manuscrits, articles, affiches et flyers, \u00e9crits professionnels, CV, comptes rendus, listes de diffusion&#8230; Confidentialit\u00e9 assur\u00e9e. Devis sur mesure (exon\u00e9ration TVA).<\/p>\n<p><span style=\"color: #99cc00;\"><strong>FROMAGERIE, <\/strong><em>Villenon<br \/><\/em><\/span><\/p>\n\n\n<figure class=\"wp-block-image is-resized\"><img loading=\"lazy\" decoding=\"async\" width=\"764\" height=\"249\" src=\"https:\/\/vuarnesson.ovh\/wp-content\/uploads\/2019\/05\/3vignettes_entreprises_pilochou.jpg\" alt=\"\" class=\"wp-image-2325\" style=\"width:382px;height:125px\" srcset=\"https:\/\/vuarnesson.ovh\/wp-content\/uploads\/2019\/05\/3vignettes_entreprises_pilochou.jpg 764w, https:\/\/vuarnesson.ovh\/wp-content\/uploads\/2019\/05\/3vignettes_entreprises_pilochou-300x98.jpg 300w\" sizes=\"auto, (max-width: 706px) 89vw, (max-width: 767px) 82vw, 740px\" \/><\/figure>\n\n\n<p><span style=\"color: #99cc00;\"><span style=\"color: #999999;\"><a href=\"https:\/\/www.tourismecivraisienpoitou.com\/degustation-producteur\/le-pilochou\/\" target=\"_blank\" rel=\"noopener\"><strong>Le Pilochou<\/strong><\/a>,<\/span> <span style=\"color: #999999;\">Isabelle Beau-Gu\u00e9rin &#8211; T\u00e9l : z\u00e9ro cinq 49 42 03 94<br \/><\/span><\/span>Depuis 1981, Le Pilochou vous propose des fromages de ch\u00e8vres de production artisanale moul\u00e9s \u00e0 la louche et faits avec du lait cru produit \u00e9galement sur Anch\u00e9. On ne peut plus local ! <br \/>Le plus connu, le mothais sur feuille, mais aussi de la faisselle, des buchettes, cendr\u00e9es ou non, des carr\u00e9s, des petits crottins&#8230;<br \/><strong>Vente directe :<\/strong><br \/>\u2022 sur place les apr\u00e8s-midi du mardi au samedi<br \/>\u2022 sur les march\u00e9s (\u00e0 Gen\u00e7ay les 2\u00e8mes et derniers jeudis du mois, \u00e0 Rouill\u00e9 les vendredis, \u00e0 Vivonne les samedis)<span style=\"color: #99cc00;\"><span style=\"color: #999999;\"><br \/><\/span><\/span><\/p>\n<p><span style=\"color: #99cc00;\"><strong>SCIERIE<\/strong>, <em>Anch\u00e9<\/em><\/span><\/p>\n\n\n<figure class=\"wp-block-image is-resized\"><img loading=\"lazy\" decoding=\"async\" width=\"764\" height=\"249\" src=\"https:\/\/vuarnesson.ovh\/wp-content\/uploads\/2019\/08\/3vignettes_entreprises_scierie.jpg\" alt=\"\" class=\"wp-image-2847\" style=\"width:382px;height:125px\" srcset=\"https:\/\/vuarnesson.ovh\/wp-content\/uploads\/2019\/08\/3vignettes_entreprises_scierie.jpg 764w, https:\/\/vuarnesson.ovh\/wp-content\/uploads\/2019\/08\/3vignettes_entreprises_scierie-300x98.jpg 300w\" sizes=\"auto, (max-width: 706px) 89vw, (max-width: 767px) 82vw, 740px\" \/><\/figure>\n\n\n<p><span style=\"color: #999999;\"><a href=\"https:\/\/www.lascieriedanche.fr\/\" target=\"_blank\" rel=\"noopener\"><strong>SARL Scierie d&rsquo;Anch\u00e9<\/strong><\/a> &#8211; T\u00e9l : z\u00e9ro cinq 49 42 45 56 &#8211; Fax : z\u00e9ro cinq 49 42 07 70<\/span><br \/>La scierie est sp\u00e9cialis\u00e9e dans le secteur de la literie. Elle travaille essentiellement pour des professionnels. Elle ach\u00e8te du sapin du nord et du peuplier local et revend planches, lattes, montants pour sommiers.<br \/>L&rsquo;entreprise emploie une dizaine de personnes.<br \/>Les \u00e9co-d\u00e9chets sont vendus sous forme de plaquettes paysag\u00e8res, plaquettes pour chaudi\u00e8re \u00e0 bois, copeaux, sciure.<br \/>Sur demande, il est possible pour les particuliers de passer une commande, notamment de volige, bardage, lambris, plancher, terrasse, ou pour d\u00e9biter un arbre.<\/p>\n<p><span style=\"color: #99cc00;\"><strong>CULTURE DE TOURNESOL<\/strong><em>, La Croix<\/em><\/span><br \/><span style=\"color: #999999;\">EARL Le Pigeonnier d&rsquo;Anch\u00e9<\/span><strong><br \/>Graines de tournesol d\u00e9cortiqu\u00e9es <\/strong>issues de semences paysannes, agriculture biologique. <br \/>Vente directe : contacter Christelle Gu\u00e9rin au z\u00e9ro six 08 17 83 24<br \/>(Egalement en vente aux Pois Chiches).<strong><br \/><\/strong><\/p>\n<p><strong><span style=\"color: #99cc00;\">CULTURES ET ELEVAGES pour professionnels<\/span><br \/><\/strong><\/p>\n\n\n<figure class=\"wp-block-image size-large\"><img loading=\"lazy\" decoding=\"async\" width=\"1024\" height=\"472\" src=\"https:\/\/vuarnesson.ovh\/wp-content\/uploads\/2020\/11\/6vignettes_entreprises-1024x472.jpg\" alt=\"\" class=\"wp-image-3466\" srcset=\"https:\/\/vuarnesson.ovh\/wp-content\/uploads\/2020\/11\/6vignettes_entreprises-1024x472.jpg 1024w, https:\/\/vuarnesson.ovh\/wp-content\/uploads\/2020\/11\/6vignettes_entreprises-300x138.jpg 300w, https:\/\/vuarnesson.ovh\/wp-content\/uploads\/2020\/11\/6vignettes_entreprises-768x354.jpg 768w, https:\/\/vuarnesson.ovh\/wp-content\/uploads\/2020\/11\/6vignettes_entreprises.jpg 1104w\" sizes=\"auto, (max-width: 767px) 89vw, (max-width: 1000px) 54vw, (max-width: 1071px) 543px, 580px\" \/><\/figure>\n\n\n<p>\u2022 CULTURE DE NOISETTES CONVENTIONNELLE et POLYCULTURE EN AGRICULTURE BIOLOGIQUE, La Croix, <span style=\"color: #999999;\">EARL Le Pigeonnier d&rsquo;Anch\u00e9<\/span><strong><br \/><\/strong><br \/>\u2022 ELEVAGE PORCIN ET POLYCULTURE, Champ-la-Dame,<span style=\"color: #999999;\"> SCEA Peters<\/span><\/p>\n<p>\u2022 ELEVAGE CAPRIN ET CULTURE DE C\u00c9R\u00c9ALES, La F\u00e9role, <span style=\"color: #999999;\">EARL Gu\u00e9rin<\/span><strong><span style=\"color: #999999;\"><br \/><\/span><\/strong><br \/>\u2022 ELEVAGE CAPRIN ET POLYCULTURE, Pilochet,<span style=\"color: #999999;\"> Deschamps Olivier<\/span><span style=\"color: #999999;\"> (si\u00e8ge social \u00e0 Champagn\u00e9)<\/span><span style=\"color: #999999;\"><strong><br \/><\/strong><\/span><\/p>\n\n\n<h4 class=\"wp-block-heading\" id=\"gites\">H\u00c9BERGEMENTS<\/h4>\n\n\n\n<figure class=\"wp-block-image is-resized\"><img loading=\"lazy\" decoding=\"async\" width=\"354\" height=\"354\" src=\"https:\/\/vuarnesson.ovh\/wp-content\/uploads\/2019\/03\/v_ENT_irene_fontsalmois.jpg\" alt=\"\" class=\"wp-image-1761\" style=\"width:177px;height:177px\" srcset=\"https:\/\/vuarnesson.ovh\/wp-content\/uploads\/2019\/03\/v_ENT_irene_fontsalmois.jpg 354w, https:\/\/vuarnesson.ovh\/wp-content\/uploads\/2019\/03\/v_ENT_irene_fontsalmois-300x300.jpg 300w, https:\/\/vuarnesson.ovh\/wp-content\/uploads\/2019\/03\/v_ENT_irene_fontsalmois-150x150.jpg 150w, https:\/\/vuarnesson.ovh\/wp-content\/uploads\/2019\/03\/v_ENT_irene_fontsalmois-100x100.jpg 100w\" sizes=\"auto, (max-width: 354px) 100vw, 354px\" \/><figcaption class=\"wp-element-caption\"><a rel=\"noreferrer noopener\" aria-label=\"La maison d'Ir\u00e8ne, (s\u2019ouvre dans un nouvel onglet)\" href=\"https:\/\/www.gitesdefrance-vienne.com\/location-vacances-Gite-a-Anche-86G1170.html\" target=\"_blank\">La maison d&rsquo;Ir\u00e8ne,<\/a><a rel=\"noreferrer noopener\" aria-label=\" (s\u2019ouvre dans un nouvel onglet)\" href=\"https:\/\/www.gites-de-france.com\/fr\/nouvelle-aquitaine\/vienne\/la-maison-direne-86g1170\" target=\"_blank\"><br><\/a>Fonsalmois<\/figcaption><\/figure>\n\n\n\n<figure class=\"wp-block-image is-resized\"><img loading=\"lazy\" decoding=\"async\" width=\"354\" height=\"354\" src=\"https:\/\/vuarnesson.ovh\/wp-content\/uploads\/2019\/03\/v_ENT_verger.jpg\" alt=\"\" class=\"wp-image-1807\" style=\"width:177px;height:177px\" srcset=\"https:\/\/vuarnesson.ovh\/wp-content\/uploads\/2019\/03\/v_ENT_verger.jpg 354w, https:\/\/vuarnesson.ovh\/wp-content\/uploads\/2019\/03\/v_ENT_verger-300x300.jpg 300w, https:\/\/vuarnesson.ovh\/wp-content\/uploads\/2019\/03\/v_ENT_verger-150x150.jpg 150w, https:\/\/vuarnesson.ovh\/wp-content\/uploads\/2019\/03\/v_ENT_verger-100x100.jpg 100w\" sizes=\"auto, (max-width: 354px) 100vw, 354px\" \/><figcaption class=\"wp-element-caption\"><a href=\"https:\/\/www.gitesdefrance-vienne.com\/location-vacances-Gite-a-Anche-86G1171.html\" target=\"_blank\" rel=\"noreferrer noopener\" aria-label=\"Le Verger, (s\u2019ouvre dans un nouvel onglet)\">Le Verger,<\/a> Fonsalmois<\/figcaption><\/figure>\n\n\n\n<figure class=\"wp-block-image is-resized\"><img loading=\"lazy\" decoding=\"async\" width=\"354\" height=\"354\" src=\"https:\/\/vuarnesson.ovh\/wp-content\/uploads\/2019\/04\/v_ENT_caultieres.jpg\" alt=\"\" class=\"wp-image-2271\" style=\"width:177px;height:177px\" srcset=\"https:\/\/vuarnesson.ovh\/wp-content\/uploads\/2019\/04\/v_ENT_caultieres.jpg 354w, https:\/\/vuarnesson.ovh\/wp-content\/uploads\/2019\/04\/v_ENT_caultieres-300x300.jpg 300w, https:\/\/vuarnesson.ovh\/wp-content\/uploads\/2019\/04\/v_ENT_caultieres-150x150.jpg 150w, https:\/\/vuarnesson.ovh\/wp-content\/uploads\/2019\/04\/v_ENT_caultieres-100x100.jpg 100w\" sizes=\"auto, (max-width: 354px) 100vw, 354px\" \/><figcaption class=\"wp-element-caption\"><a rel=\"noreferrer noopener\" aria-label=\"La Cl\u00e9 des champs (s\u2019ouvre dans un nouvel onglet)\" href=\"https:\/\/www.mariages.net\/domaine-mariage\/la-cle-des-champs--e152622\" target=\"_blank\">La Cl\u00e9 des Champs,<\/a><br>Les Caulti\u00e8res<\/figcaption><\/figure>\n\n\n\n<figure class=\"wp-block-image is-resized\"><img loading=\"lazy\" decoding=\"async\" width=\"354\" height=\"354\" src=\"https:\/\/vuarnesson.ovh\/wp-content\/uploads\/2019\/03\/v_ENT_millepertuis.jpg\" alt=\"\" class=\"wp-image-1764\" style=\"width:176px;height:auto\" srcset=\"https:\/\/vuarnesson.ovh\/wp-content\/uploads\/2019\/03\/v_ENT_millepertuis.jpg 354w, https:\/\/vuarnesson.ovh\/wp-content\/uploads\/2019\/03\/v_ENT_millepertuis-300x300.jpg 300w, https:\/\/vuarnesson.ovh\/wp-content\/uploads\/2019\/03\/v_ENT_millepertuis-150x150.jpg 150w, https:\/\/vuarnesson.ovh\/wp-content\/uploads\/2019\/03\/v_ENT_millepertuis-100x100.jpg 100w\" sizes=\"auto, (max-width: 354px) 100vw, 354px\" \/><figcaption class=\"wp-element-caption\"><a href=\"https:\/\/www.airbnb.fr\/rooms\/634427311794761376\" target=\"_blank\" rel=\"noreferrer noopener\">La maison du Cocher,<\/a> Villenon<br><\/figcaption><\/figure>\n\n\n\n<figure class=\"wp-block-image is-resized\"><img loading=\"lazy\" decoding=\"async\" width=\"354\" height=\"354\" src=\"https:\/\/vuarnesson.ovh\/wp-content\/uploads\/2019\/03\/v_ENT_camping.jpg\" alt=\"\" class=\"wp-image-1809\" style=\"width:175px;height:auto\" srcset=\"https:\/\/vuarnesson.ovh\/wp-content\/uploads\/2019\/03\/v_ENT_camping.jpg 354w, https:\/\/vuarnesson.ovh\/wp-content\/uploads\/2019\/03\/v_ENT_camping-300x300.jpg 300w, https:\/\/vuarnesson.ovh\/wp-content\/uploads\/2019\/03\/v_ENT_camping-150x150.jpg 150w, https:\/\/vuarnesson.ovh\/wp-content\/uploads\/2019\/03\/v_ENT_camping-100x100.jpg 100w\" sizes=\"auto, (max-width: 354px) 100vw, 354px\" \/><figcaption class=\"wp-element-caption\"><a href=\"https:\/\/catalogue.accueil-paysan.com\/fr\/catalog\/structure\/1572\/\" target=\"_blank\" rel=\"noreferrer noopener\">Camping \u00e0 la ferme,<\/a> Villenon<\/figcaption><\/figure>\n\n\n\n<figure class=\"wp-block-image size-full is-resized\"><img loading=\"lazy\" decoding=\"async\" width=\"354\" height=\"354\" src=\"https:\/\/vuarnesson.ovh\/wp-content\/uploads\/2023\/11\/v_ENT_ledomainedancia.jpg\" alt=\"\" class=\"wp-image-4071\" style=\"width:174px;height:auto\" srcset=\"https:\/\/vuarnesson.ovh\/wp-content\/uploads\/2023\/11\/v_ENT_ledomainedancia.jpg 354w, https:\/\/vuarnesson.ovh\/wp-content\/uploads\/2023\/11\/v_ENT_ledomainedancia-300x300.jpg 300w, https:\/\/vuarnesson.ovh\/wp-content\/uploads\/2023\/11\/v_ENT_ledomainedancia-150x150.jpg 150w, https:\/\/vuarnesson.ovh\/wp-content\/uploads\/2023\/11\/v_ENT_ledomainedancia-100x100.jpg 100w\" sizes=\"auto, (max-width: 354px) 100vw, 354px\" \/><figcaption class=\"wp-element-caption\"><a href=\"https:\/\/domaine-dancia.fr\" target=\"_blank\" rel=\"noreferrer noopener\">Le Domaine d&rsquo;Ancia,<\/a> Le Plessis<\/figcaption><\/figure>\n\n\n\n<h2 class=\"wp-block-heading\" id=\"itinerants\">LES COMMERCES ET SERVICES ITIN\u00c9RANTS<\/h2>\n\n\n\n<hr class=\"wp-block-separator has-css-opacity is-style-wide\"\/>\n\n\n\n<p><strong><span style=\"color: #99cc00;\">Boulanger itin\u00e9rant<\/span><\/strong><br><a rel=\"noreferrer noopener\" aria-label=\"Bag'Ad\u00e8le (s\u2019ouvre dans un nouvel onglet)\" href=\"https:\/\/www.facebook.com\/Bagadel-1308003649255604\/\" target=\"_blank\">Bag&rsquo;Ad\u00e8le<\/a> &#8211; z\u00e9ro sept 82 20 94 79<br>Bourg d&rsquo;Anch\u00e9, les mercredis \u00e0 9h<\/p>\n\n\n\n<p><strong><span style=\"color: #99cc00;\">Boucher-charcutier itin\u00e9rant<\/span><\/strong><br>Bourg d&rsquo;Anch\u00e9, vendredi 11h<\/p>\n\n\n<\/p>\n\n\n<h2 class=\"wp-block-heading\" id=\"alentours\">REBONDIR VERS LES COMMUNES ALENTOUR<\/h2>\n\n\n\n<hr class=\"wp-block-separator has-css-opacity is-style-wide\"\/>\n\n\n<p><a href=\"https:\/\/www.voulon.fr\/\" target=\"_blank\" rel=\"noreferrer noopener\" aria-label=\" (s\u2019ouvre dans un nouvel onglet)\"><span style=\"color: #99ccff;\">VOULON<\/span><\/a> (3 km)<\/p>\n\n\n<p>Caf\u00e9, Coiffure, Esth\u00e9ticienne, Ma\u00e7onnerie, Ma\u00e7onnerie-Charpente-Couverture-Plaquisterie-Carrelage-Menuiserie, Couverture-Zinguerie-Etanch\u00e9it\u00e9-Isolation-Traitement, Plomberie-Chauffage-Sanitaire-Entretien-D\u00e9pannage, Biblioth\u00e8que.<\/p>\n\n\n<p><a href=\"https:\/\/www.valenceenpoitou.fr\/\" target=\"_blank\" rel=\"noreferrer noopener\"><span style=\"color: #99ccff;\">PAYR\u00c9<\/span><\/a> (6 km) <span style=\"color: #999999;\"><em>Commune de Valence-en-Poitou<\/em><\/span><\/p>\n\n\n<p>Boulangerie-P\u00e2tisserie &#8211; Alimentation &#8211; Alimentation Portugaise &#8211; Boucherie-Charcuterie &#8211; Apiculteur r\u00e9coltant &#8211; Vente des produits de la mer &#8211; Restaurants &#8211; Traiteur &#8211; Paillage &amp; Cannage &#8211; Laverie automatique &#8211; Haras &#8211; Pension chats &#8211; Traduction, secr\u00e9tariat, interpr\u00e8te &#8211; Soci\u00e9t\u00e9 d&rsquo;\u00e9dition &#8211; Presse et communication &#8211; Conseil en d\u00e9veloppement &#8211; Acquisition tous immeubles &#8211; Menuiseries &#8211; Peinture &#8211; Ma\u00e7onnerie- Couverture &#8211; Charpente- \u00c9lectricit\u00e9 &#8211; Plomberie &#8211; Chauffage &#8211; Ramonage &#8211; Am\u00e9nagement &#8211; Garage &#8211; Station essence &#8211; Motoculture &#8211; Recyclage, n\u00e9goce et fabrication de palettes &#8211; Portail, automatisme, alarme &#8211; Son et lumi\u00e8re &#8211; Transport de marchandises &#8211; Bois et industrie &#8211; \u00c9lectricit\u00e9 industrielle &#8211; M\u00e9canique industrielle &#8211; Travaux publics &#8211; Terrassement &#8211; Carri\u00e8re &#8211; Import, export, Maisons de tourisme et G\u00eetes.<\/p>\n\n\n<p><a href=\"http:\/\/www.champagne-saint-hilaire.fr\/fr\/rubrique\/4\/vie-locale\" target=\"_blank\" rel=\"noreferrer noopener\" aria-label=\" (s\u2019ouvre dans un nouvel onglet)\"><span style=\"color: #99ccff;\">CHAMPAGN\u00c9-SAINT-HILAIRE<\/span><\/a> ( 6 km)<\/p>\n\n\n<p>Fleurs-L\u00e9gumes &#8211; Vente directe de viande bovine &#8211; \u00c9picerie-Journaux-Tabac-Pain, Restaurant-Pizzeria-Bar &#8211; Boulangerie-P\u00e2tisserie &#8211; Photographe &#8211; Coiffeuse &#8211; Mercerie &#8211; Fabrication sur mesure en fer forg\u00e9 &#8211; Garage &#8211; Station service &#8211; Plomberie &#8211; Chauffage &#8211; Couverture &#8211; Peinture &#8211; \u00c9lectricit\u00e9 &#8211; Ma\u00e7onnerie &#8211; Charpente &#8211; Conseil logistique &#8211; Commerce de logiciels &#8211; Conseil en immobilier &#8211; Travaux agricoles et de terrassement &#8211; N\u00e9goce en bestiaux &#8211; Exploitation foresti\u00e8re-n\u00e9gociant forestier, \u00c9ducation canine &#8211; Pension et \u00e9levage canin et f\u00e9lin &#8211; Entrainement de chevaux &#8211; \u00c9levage de chevaux &#8211; Ballades \u00e0 poney &#8211; Gestion du stress au quotidien &#8211; Th\u00e9rapie holistique et massage &#8211; Infirmi\u00e8res &#8211; Masseurs-Kin\u00e9sith\u00e9rapeutes  &#8211; Ost\u00e9opathes &#8211; Maison d&rsquo;h\u00f4tes et G\u00eetes &#8211; La Poste.<\/p>\n\n\n<p><strong>TOUS COMMERCES \u00c0 <a href=\"https:\/\/www.mairie-couhe.fr\/la-vitrine-de-couhe\/\" target=\"_blank\" rel=\"noreferrer noopener\"><span style=\"color: #99ccff;\">COUH\u00c9<\/span><\/a><\/strong> (9 km) \u2022 <a href=\"http:\/\/www.gencay.fr\/\" target=\"_blank\" rel=\"noreferrer noopener\" aria-label=\" (s\u2019ouvre dans un nouvel onglet)\"><span style=\"color: #99ccff;\"><strong>GEN\u00c7AY<\/strong><\/span><\/a> (10km) \u2022 <a href=\"https:\/\/www.vivonne.fr\/\" target=\"_blank\" rel=\"noreferrer noopener\"><span style=\"color: #99ccff;\"><strong>VIVONNE<\/strong><\/span><\/a> (10 km)<\/p>","protected":false},"excerpt":{"rendered":"<p>Sur la commune d&rsquo;Anch\u00e9 &#8211; H\u00e9bergements &#8211; Les commerces et services itin\u00e9rants &#8211; Rebondir vers les communes alentour SUR LA COMMUNE D&rsquo;ANCH\u00c9 PAYSAGISTE, Le Courtioux Anthony Tillet &#8211; T\u00e9l : &hellip; <\/p>\n<p class=\"link-more\"><a href=\"https:\/\/vuarnesson.ovh\/?page_id=392\" class=\"more-link\">Continuer la lecture<span class=\"screen-reader-text\"> de &laquo;&nbsp;Activit\u00e9s \u00e9conomiques&nbsp;&raquo;<\/span><\/a><\/p>\n","protected":false},"author":3,"featured_media":0,"parent":451,"menu_order":3,"comment_status":"closed","ping_status":"closed","template":"","meta":{"footnotes":""},"class_list":["post-392","page","type-page","status-publish","hentry"],"_links":{"self":[{"href":"https:\/\/vuarnesson.ovh\/index.php?rest_route=\/wp\/v2\/pages\/392","targetHints":{"allow":["GET"]}}],"collection":[{"href":"https:\/\/vuarnesson.ovh\/index.php?rest_route=\/wp\/v2\/pages"}],"about":[{"href":"https:\/\/vuarnesson.ovh\/index.php?rest_route=\/wp\/v2\/types\/page"}],"author":[{"embeddable":true,"href":"https:\/\/vuarnesson.ovh\/index.php?rest_route=\/wp\/v2\/users\/3"}],"replies":[{"embeddable":true,"href":"https:\/\/vuarnesson.ovh\/index.php?rest_route=%2Fwp%2Fv2%2Fcomments&post=392"}],"version-history":[{"count":0,"href":"https:\/\/vuarnesson.ovh\/index.php?rest_route=\/wp\/v2\/pages\/392\/revisions"}],"up":[{"embeddable":true,"href":"https:\/\/vuarnesson.ovh\/index.php?rest_route=\/wp\/v2\/pages\/451"}],"wp:attachment":[{"href":"https:\/\/vuarnesson.ovh\/index.php?rest_route=%2Fwp%2Fv2%2Fmedia&parent=392"}],"curies":[{"name":"wp","href":"https:\/\/api.w.org\/{rel}","templated":true}]}}