{"id":366,"date":"2019-03-05T12:29:24","date_gmt":"2019-03-05T11:29:24","guid":{"rendered":"https:\/\/anche.website\/?page_id=366"},"modified":"2019-03-05T12:29:24","modified_gmt":"2019-03-05T11:29:24","slug":"associations","status":"publish","type":"page","link":"https:\/\/vuarnesson.ovh\/?page_id=366","title":{"rendered":"Associations"},"content":{"rendered":"\n<hr class=\"wp-block-separator is-style-wide\"\/>\n\n\n\n<h2 class=\"wp-block-heading\" id=\"anchentee\">L&rsquo;ANCHENT\u00c9E<\/h2>\n\n\n\n<figure class=\"wp-block-image\"><img loading=\"lazy\" decoding=\"async\" width=\"709\" height=\"212\" src=\"https:\/\/vuarnesson.ovh\/wp-content\/uploads\/2019\/05\/asso_anchentee_fete_de_l_ete.jpg\" alt=\"\" class=\"wp-image-2353\" srcset=\"https:\/\/vuarnesson.ovh\/wp-content\/uploads\/2019\/05\/asso_anchentee_fete_de_l_ete.jpg 709w, https:\/\/vuarnesson.ovh\/wp-content\/uploads\/2019\/05\/asso_anchentee_fete_de_l_ete-300x90.jpg 300w\" sizes=\"auto, (max-width: 709px) 100vw, 709px\" \/><\/figure>\n\n\n\n<figure class=\"wp-block-image is-resized\"><img loading=\"lazy\" decoding=\"async\" src=\"https:\/\/vuarnesson.ovh\/wp-content\/uploads\/2019\/03\/logo_l_anchentee.png\" alt=\"\" class=\"wp-image-1714\" width=\"230\" height=\"69\" srcset=\"https:\/\/vuarnesson.ovh\/wp-content\/uploads\/2019\/03\/logo_l_anchentee.png 460w, https:\/\/vuarnesson.ovh\/wp-content\/uploads\/2019\/03\/logo_l_anchentee-300x90.png 300w\" sizes=\"auto, (max-width: 230px) 100vw, 230px\" \/><\/figure>\n\n\n\n<p>L\u2019Anchent\u00e9e est n\u00e9e mi-2016 du d\u00e9sir de rassembler les habitants d\u2019Anch\u00e9 et de sa proche r\u00e9gion autour d\u2019activit\u00e9s culturelles, cr\u00e9atives et r\u00e9cr\u00e9atives. Nous organisons des sc\u00e8nes ouvertes, stages de chant, projections de films documentaires, conf\u00e9rences, ateliers tango, la carnaboum et la f\u00eate de l&rsquo;\u00e9t\u00e9 au Pr\u00e9 du Pont !<\/p>\n\n\n\n<p>Facebook :   <a rel=\"noreferrer noopener\" aria-label=\" (s\u2019ouvre dans un nouvel onglet)\" href=\"https:\/\/www.facebook.com\/lanchentee86700\/\" target=\"_blank\">@lanchentee86700<\/a><br>Courriel\u2009 : lanchentee at gmail.com<br><a href=\"https:\/\/lanchentee.wordpress.com\/programmation\/2019-2020\/\">Programmation actuelle<\/a><\/p>\n\n\n\n<h2 class=\"wp-block-heading\" id=\"les_pois_chiches\">LES POIS CHICHES<\/h2>\n\n\n\n<hr class=\"wp-block-separator is-style-wide\"\/>\n\n\n\n<div class=\"wp-block-image\"><figure class=\"alignleft is-resized\"><img loading=\"lazy\" decoding=\"async\" src=\"https:\/\/vuarnesson.ovh\/wp-content\/uploads\/2019\/06\/logo_les_pois_chiches.jpg\" alt=\"\" class=\"wp-image-2726\" width=\"226\" height=\"195\" srcset=\"https:\/\/vuarnesson.ovh\/wp-content\/uploads\/2019\/06\/logo_les_pois_chiches.jpg 469w, https:\/\/vuarnesson.ovh\/wp-content\/uploads\/2019\/06\/logo_les_pois_chiches-300x258.jpg 300w\" sizes=\"auto, (max-width: 226px) 100vw, 226px\" \/><\/figure><\/div>\n\n\n\n<p>Caf\u00e9 associatif<br>Les Pois Chiches, 4 route de la Vergn\u00e9e, Anch\u00e9<br>Facebook : <a rel=\"noreferrer noopener\" href=\"https:\/\/www.facebook.com\/LesPoisChiches\/\" target=\"_blank\">@LesPoisChiches<\/a><br>Courriel : <a href=\"mailto:lespoischiches@mailo.com\">lespoischiches at mailo.com<\/a><\/p>\n\n\n\n<p>Ouvert les vendredis de 17h \u00e0 23h.<br><br><strong>Les Pois Chiches<\/strong> est une association fond\u00e9e dans le but de cr\u00e9er et faire vivre une \u00e9picerie qui privil\u00e9giera la vente de produits locaux, bio et \/ ou raisonn\u00e9s et des produits du quotidien \/ de d\u00e9pannage. Mais aussi un lieu convivial qui r\u00e9unit petits et grands, d\u2019ici et de plus loin, autour d\u2019une boisson ou \u00e0 l\u2019occasion d\u2019\u00e9change de savoir et savoir-faire (fabriquer, recycler, r\u00e9parer, cuisiner, cr\u00e9er ensemble \u2026)<br>Redonnons vie \u00e0 nos campagnes ! <\/p>\n\n\n\n<h2 class=\"wp-block-heading\" id=\"bonne_humeur\">LES COMPAGNONS DE LA BONNE HUMEUR<\/h2>\n\n\n\n<figure class=\"wp-block-image is-resized\"><img loading=\"lazy\" decoding=\"async\" src=\"https:\/\/vuarnesson.ovh\/wp-content\/uploads\/2019\/05\/asso_la_compagnie_de_la_bonne_humeur.jpg\" alt=\"\" class=\"wp-image-2493\" width=\"359\" height=\"201\" srcset=\"https:\/\/vuarnesson.ovh\/wp-content\/uploads\/2019\/05\/asso_la_compagnie_de_la_bonne_humeur.jpg 850w, https:\/\/vuarnesson.ovh\/wp-content\/uploads\/2019\/05\/asso_la_compagnie_de_la_bonne_humeur-300x169.jpg 300w, https:\/\/vuarnesson.ovh\/wp-content\/uploads\/2019\/05\/asso_la_compagnie_de_la_bonne_humeur-768x432.jpg 768w\" sizes=\"auto, (max-width: 359px) 100vw, 359px\" \/><figcaption>\u00a9 Martine Servouze<\/figcaption><\/figure>\n\n\n\n<p>Joyeuse compagnie de th\u00e9\u00e2tre qui fait de nombreuses repr\u00e9sentations en f\u00e9vrier \u00e0 Anch\u00e9 et dans les communes alentour.<br><br>Contacter Dominique BEAU, Villenon &#8211; T\u00e9l. :  z\u00e9ro cinq 49 42 03 94<\/p>\n\n\n\n<hr class=\"wp-block-separator is-style-wide\"\/>\n\n\n\n<h2 class=\"wp-block-heading\" id=\"herbe_d_or\">L&rsquo;HERBE D&rsquo;OR<\/h2>\n\n\n\n<figure class=\"wp-block-image is-resized\"><img loading=\"lazy\" decoding=\"async\" src=\"https:\/\/vuarnesson.ovh\/wp-content\/uploads\/2019\/05\/asso_logo_herbe_d_or.jpg\" alt=\"\" class=\"wp-image-2348\" width=\"280\" height=\"175\" srcset=\"https:\/\/vuarnesson.ovh\/wp-content\/uploads\/2019\/05\/asso_logo_herbe_d_or.jpg 590w, https:\/\/vuarnesson.ovh\/wp-content\/uploads\/2019\/05\/asso_logo_herbe_d_or-300x188.jpg 300w\" sizes=\"auto, (max-width: 280px) 100vw, 280px\" \/><\/figure>\n\n\n\n<p>Collectif d&rsquo;artistes. Spectacles enfants ou tout public. Les cr\u00e9ations de L&rsquo;Herbe d&rsquo;Or m\u00ealent la parole \u00e0 la musique, l\u2019engagement \u00e0 l\u2019imaginaire, les influences traditionnelles aux sons d\u2019aujourd\u2019hui, pour que le spectacle soit toujours plus vivant. <br><br><a rel=\"noreferrer noopener\" aria-label=\"http:\/\/www.conte-theatre-musique.com\/ (s\u2019ouvre dans un nouvel onglet)\" href=\"http:\/\/www.conte-theatre-musique.com\/\" target=\"_blank\">http:\/\/www.conte-theatre-musique.com\/<\/a><br>Contacter Fred &#8211; T\u00e9l. : z\u00e9ro cinq 49 42 41 69 <\/p>\n\n\n\n<hr class=\"wp-block-separator is-style-wide\"\/>\n\n\n\n<h2 class=\"wp-block-heading\" id=\"acca\">ACCA (Association Communale de Chasse Agr\u00e9\u00e9e) <\/h2>\n\n\n\n<figure class=\"wp-block-image\"><img loading=\"lazy\" decoding=\"async\" width=\"640\" height=\"175\" src=\"https:\/\/vuarnesson.ovh\/wp-content\/uploads\/2019\/05\/asso_acca_chevreuil.jpg\" alt=\"\" class=\"wp-image-2486\" srcset=\"https:\/\/vuarnesson.ovh\/wp-content\/uploads\/2019\/05\/asso_acca_chevreuil.jpg 640w, https:\/\/vuarnesson.ovh\/wp-content\/uploads\/2019\/05\/asso_acca_chevreuil-300x82.jpg 300w\" sizes=\"auto, (max-width: 640px) 100vw, 640px\" \/><figcaption>Image d&rsquo;Adege sur Pixabay<\/figcaption><\/figure>\n\n\n\n<p>Chasse le jeudi , le dimanche et les jours f\u00e9ri\u00e9s.<br>Participation au comptage avec la F\u00e9d\u00e9ration (li\u00e8vres, cerfs, chevreuils).<br>Battues de r\u00e9gulation et chasses en fonction du nombre de bracelets attribu\u00e9s. En g\u00e9n\u00e9ral, 35 chevreuils sur 3 ans et 3 cervid\u00e9s par an sur la commune.<br>Une fois l&rsquo;ann\u00e9e, une v\u00e9nerie (chasse \u00e0 courre) est organis\u00e9e.<\/p>\n\n\n\n<p>Contacter Philippe Gu\u00e9rin &#8211; T\u00e9l. : z\u00e9ro cinq 49 42 45 06<\/p>\n\n\n\n<p>(Sur Anch\u00e9, il existe \u00e9galement deux zones de chasse priv\u00e9e.)<\/p>\n\n\n\n<hr class=\"wp-block-separator is-style-wide\"\/>\n\n\n\n<h2 class=\"wp-block-heading\" id=\"relais_equestre\">RELAIS \u00c9QUESTRE DE VILLENON<\/h2>\n\n\n\n<div class=\"wp-block-image\"><figure class=\"alignleft is-resized\"><img loading=\"lazy\" decoding=\"async\" src=\"https:\/\/vuarnesson.ovh\/wp-content\/uploads\/2019\/03\/CHEVAL-GUE.jpg\" alt=\"\" class=\"wp-image-669\" width=\"299\" height=\"225\" srcset=\"https:\/\/vuarnesson.ovh\/wp-content\/uploads\/2019\/03\/CHEVAL-GUE.jpg 399w, https:\/\/vuarnesson.ovh\/wp-content\/uploads\/2019\/03\/CHEVAL-GUE-300x226.jpg 300w\" sizes=\"auto, (max-width: 299px) 100vw, 299px\" \/><\/figure><\/div>\n\n\n\n<p>Le relais \u00e9questre de Villenon est une association loi 1901 cr\u00e9\u00e9 en 1983, qui a pour vocation de promouvoir le tourisme \u00e9questre. <br>Elle propose tout au long de l&rsquo;ann\u00e9e des promenades et randonn\u00e9es \u00e0 cheval dans la campagne poitevine avec visite du patrimoine. L&rsquo;h\u00e9bergement est pr\u00e9vu chez l&rsquo;habitant, en g\u00eete rural ou en bivouac.<\/p>\n\n\n\n<p>Contacter Sophie de LAUZON, Villenon &#8211; T\u00e9l. : z\u00e9ro cinq 49 42 56 69<br><a rel=\"noreferrer noopener\" href=\"http:\/\/www.gite-equestre-poitou.com\/\" target=\"_blank\">www.gite-equestre-poitou.com<\/a><\/p>\n","protected":false},"excerpt":{"rendered":"<p>L&rsquo;ANCHENT\u00c9E L\u2019Anchent\u00e9e est n\u00e9e mi-2016 du d\u00e9sir de rassembler les habitants d\u2019Anch\u00e9 et de sa proche r\u00e9gion autour d\u2019activit\u00e9s culturelles, cr\u00e9atives et r\u00e9cr\u00e9atives. Nous organisons des sc\u00e8nes ouvertes, stages de &hellip; <\/p>\n<p class=\"link-more\"><a href=\"https:\/\/vuarnesson.ovh\/?page_id=366\" class=\"more-link\">Continuer la lecture<span class=\"screen-reader-text\"> de &laquo;&nbsp;Associations&nbsp;&raquo;<\/span><\/a><\/p>\n","protected":false},"author":3,"featured_media":0,"parent":451,"menu_order":2,"comment_status":"closed","ping_status":"closed","template":"","meta":{"footnotes":""},"class_list":["post-366","page","type-page","status-publish","hentry"],"_links":{"self":[{"href":"https:\/\/vuarnesson.ovh\/index.php?rest_route=\/wp\/v2\/pages\/366","targetHints":{"allow":["GET"]}}],"collection":[{"href":"https:\/\/vuarnesson.ovh\/index.php?rest_route=\/wp\/v2\/pages"}],"about":[{"href":"https:\/\/vuarnesson.ovh\/index.php?rest_route=\/wp\/v2\/types\/page"}],"author":[{"embeddable":true,"href":"https:\/\/vuarnesson.ovh\/index.php?rest_route=\/wp\/v2\/users\/3"}],"replies":[{"embeddable":true,"href":"https:\/\/vuarnesson.ovh\/index.php?rest_route=%2Fwp%2Fv2%2Fcomments&post=366"}],"version-history":[{"count":0,"href":"https:\/\/vuarnesson.ovh\/index.php?rest_route=\/wp\/v2\/pages\/366\/revisions"}],"up":[{"embeddable":true,"href":"https:\/\/vuarnesson.ovh\/index.php?rest_route=\/wp\/v2\/pages\/451"}],"wp:attachment":[{"href":"https:\/\/vuarnesson.ovh\/index.php?rest_route=%2Fwp%2Fv2%2Fmedia&parent=366"}],"curies":[{"name":"wp","href":"https:\/\/api.w.org\/{rel}","templated":true}]}}