{"id":3654,"date":"2022-01-30T15:51:37","date_gmt":"2022-01-30T14:51:37","guid":{"rendered":"https:\/\/anche.website\/?page_id=3654"},"modified":"2022-01-30T15:51:37","modified_gmt":"2022-01-30T14:51:37","slug":"comptes-rendus-de-conseils-municipaux","status":"publish","type":"page","link":"https:\/\/vuarnesson.ovh\/?page_id=3654","title":{"rendered":"Comptes-rendus de conseils municipaux"},"content":{"rendered":"\n<p><strong>Ann\u00e9e 2025<\/strong><br><br><a href=\"http:\/\/vuarnesson.ovh\/wp-content\/uploads\/2026\/02\/CRCM-18dec2025.pdf\" target=\"_blank\" rel=\"noreferrer noopener\">D\u00e9cembre 2025<\/a><br><a href=\"http:\/\/vuarnesson.ovh\/wp-content\/uploads\/2026\/02\/CRCM-10nov2025.pdf\" target=\"_blank\" rel=\"noreferrer noopener\">Novembre 2025<\/a><br><a href=\"http:\/\/vuarnesson.ovh\/wp-content\/uploads\/2026\/02\/CRCM-6oct2025.pdf\" target=\"_blank\" rel=\"noreferrer noopener\">Octobre 2025<\/a><br><a href=\"http:\/\/vuarnesson.ovh\/wp-content\/uploads\/2025\/11\/CRCM-08sept2025.pdf\" target=\"_blank\" rel=\"noreferrer noopener\">Septembre2025<\/a><br><a href=\"http:\/\/vuarnesson.ovh\/wp-content\/uploads\/2025\/11\/CRCM-16juin2025.pdf\" target=\"_blank\" rel=\"noreferrer noopener\">Juin 2025<\/a><br><a href=\"http:\/\/vuarnesson.ovh\/wp-content\/uploads\/2025\/09\/CRCM-26mai2025.pdf\" target=\"_blank\" rel=\"noreferrer noopener\">Mai 2025<\/a><br><a href=\"http:\/\/vuarnesson.ovh\/wp-content\/uploads\/2025\/09\/CRCM-14avril2025.pdf\" target=\"_blank\" rel=\"noreferrer noopener\">Avril 2025<\/a><br><a href=\"http:\/\/vuarnesson.ovh\/wp-content\/uploads\/2025\/11\/CRCM-17mars2025.pdf\" target=\"_blank\" rel=\"noreferrer noopener\">Mars 2025<\/a><br><a href=\"http:\/\/vuarnesson.ovh\/wp-content\/uploads\/2025\/03\/CRCM-24fev2025.pdf\" target=\"_blank\" rel=\"noreferrer noopener\">F\u00e9vrier 2025<\/a><br><a href=\"http:\/\/vuarnesson.ovh\/wp-content\/uploads\/2025\/03\/CRCM-20janv2025.pdf\" target=\"_blank\" rel=\"noreferrer noopener\">Janvier 2025<\/a><br><br>Ann\u00e9e 2024<br><a href=\"http:\/\/vuarnesson.ovh\/wp-content\/uploads\/2025\/02\/CRCM-17dec2025.pdf\" target=\"_blank\" rel=\"noreferrer noopener\">D\u00e9cembre 2024<\/a><br><a href=\"http:\/\/vuarnesson.ovh\/wp-content\/uploads\/2025\/01\/CRCM-12nov2024.pdf\" target=\"_blank\" rel=\"noreferrer noopener\">Novembre 2024<\/a><br><a href=\"http:\/\/vuarnesson.ovh\/wp-content\/uploads\/2025\/01\/CRCM-14oct2024.pdf\" target=\"_blank\" rel=\"noreferrer noopener\">Octobre 2024<\/a><br><a href=\"http:\/\/vuarnesson.ovh\/wp-content\/uploads\/2025\/01\/CRCM-16sept2024.pdf\" target=\"_blank\" rel=\"noreferrer noopener\">Septembre 2024<\/a><br><a href=\"http:\/\/vuarnesson.ovh\/wp-content\/uploads\/2024\/10\/CRCM-08juillet2024.pdf\" target=\"_blank\" rel=\"noreferrer noopener\">Juillet 2024<\/a><br><a href=\"http:\/\/vuarnesson.ovh\/wp-content\/uploads\/2024\/09\/CRCM-17juin2024.pdf\" data-type=\"link\" data-id=\"https:\/\/anche.website\/wp-content\/uploads\/2024\/09\/CRCM-17juin2024.pdf\" target=\"_blank\" rel=\"noreferrer noopener\">Juin 2024<\/a><br><a href=\"http:\/\/vuarnesson.ovh\/wp-content\/uploads\/2024\/09\/CRCM-13mai2024.pdf\" data-type=\"link\" data-id=\"https:\/\/anche.website\/wp-content\/uploads\/2024\/09\/CRCM-13mai2024.pdf\" target=\"_blank\" rel=\"noreferrer noopener\">Mai 2024<\/a><br><a href=\"http:\/\/vuarnesson.ovh\/wp-content\/uploads\/2024\/09\/CRCM-15avril2024.pdf\" data-type=\"link\" data-id=\"https:\/\/anche.website\/wp-content\/uploads\/2024\/09\/CRCM-15avril2024.pdf\" target=\"_blank\" rel=\"noreferrer noopener\">Avril 2024<\/a><br><a href=\"http:\/\/vuarnesson.ovh\/wp-content\/uploads\/2024\/09\/CRCM-18mars2024.pdf\" data-type=\"link\" data-id=\"https:\/\/anche.website\/wp-content\/uploads\/2024\/09\/CRCM-18mars2024.pdf\" target=\"_blank\" rel=\"noreferrer noopener\">Mars 2024<\/a><br><a href=\"https:\/\/vuarnesson.ovh\/wp-content\/uploads\/2024\/04\/CRCM-19fev2024.pdf\" target=\"_blank\" rel=\"noreferrer noopener\">F\u00e9vrier 2024<\/a><br><a href=\"https:\/\/vuarnesson.ovh\/wp-content\/uploads\/2024\/04\/CRCM-15janv2024.pdf\" target=\"_blank\" rel=\"noreferrer noopener\">Janvier 2024<\/a><br><br>Ann\u00e9e 2023<br><a href=\"https:\/\/vuarnesson.ovh\/wp-content\/uploads\/2024\/04\/CRCM-11dec2023.pdf\" data-type=\"link\" data-id=\"https:\/\/anche.website\/wp-content\/uploads\/2024\/04\/CRCM-11dec2023.pdf\" target=\"_blank\" rel=\"noreferrer noopener\">D\u00e9cembre 2023<\/a><br><a href=\"https:\/\/vuarnesson.ovh\/wp-content\/uploads\/2023\/12\/CRCM-13-11-2023.pdf\" target=\"_blank\" rel=\"noreferrer noopener\">Novembre (13) 2023<\/a><br><a href=\"https:\/\/vuarnesson.ovh\/wp-content\/uploads\/2023\/11\/CRCM-16-10-2023.pdf\" target=\"_blank\" rel=\"noreferrer noopener\">Octobre (16) 2023<\/a><br><a href=\"https:\/\/vuarnesson.ovh\/wp-content\/uploads\/2023\/11\/CRCM-04-09-2023.pdf\" target=\"_blank\" rel=\"noreferrer noopener\">Septembre (04) 2023<\/a><br><a href=\"https:\/\/vuarnesson.ovh\/wp-content\/uploads\/2023\/10\/CRCM-17-juillet-2023.pdf\" target=\"_blank\" rel=\"noreferrer noopener\">Juillet (17) 2023<\/a><br><a href=\"https:\/\/vuarnesson.ovh\/wp-content\/uploads\/2023\/11\/CRCM-03-juillet-2026.pdf\" target=\"_blank\" rel=\"noreferrer noopener\">Juillet (03) 2023<\/a><br><a href=\"https:\/\/vuarnesson.ovh\/wp-content\/uploads\/2023\/09\/CRCM-mai-2023.pdf\" target=\"_blank\" rel=\"noreferrer noopener\">Mai 2023<\/a><br><a href=\"https:\/\/vuarnesson.ovh\/wp-content\/uploads\/2023\/09\/CRCM-avril-2023.pdf\" target=\"_blank\" rel=\"noreferrer noopener\">Avril 2023<\/a><br><a href=\"https:\/\/vuarnesson.ovh\/wp-content\/uploads\/2023\/04\/CRCMmars2023.pdf\" target=\"_blank\" rel=\"noreferrer noopener\">Mars 2023<\/a><br><a href=\"https:\/\/vuarnesson.ovh\/wp-content\/uploads\/2023\/04\/CRCMfev2023.pdf\" target=\"_blank\" rel=\"noreferrer noopener\">F\u00e9vrier 2023<\/a><br><a href=\"https:\/\/vuarnesson.ovh\/wp-content\/uploads\/2023\/09\/CRCM-16-janvier-2023.pdf\" target=\"_blank\" rel=\"noreferrer noopener\">Janvier 2023<\/a><br><br>Ann\u00e9e 2022<br><a href=\"https:\/\/vuarnesson.ovh\/wp-content\/uploads\/2023\/09\/CRCM-12-dec-2022.pdf\" target=\"_blank\" rel=\"noreferrer noopener\">D\u00e9cembre 2022<\/a><br><a href=\"https:\/\/vuarnesson.ovh\/wp-content\/uploads\/2023\/09\/CRCM-7-nov-2022.pdf\" target=\"_blank\" rel=\"noreferrer noopener\">Novembre 2022<\/a><br><a href=\"https:\/\/vuarnesson.ovh\/wp-content\/uploads\/2023\/04\/CRCMsept292022.pdf\" target=\"_blank\" rel=\"noreferrer noopener\">Septembre (29) 2022<\/a><br><a href=\"https:\/\/vuarnesson.ovh\/wp-content\/uploads\/2023\/09\/CRCM-7-sept-2022.pdf\" target=\"_blank\" rel=\"noreferrer noopener\">Septembre (07) 2022<\/a><br><a href=\"https:\/\/vuarnesson.ovh\/wp-content\/uploads\/2023\/09\/CRCM-27-juin-2022.pdf\" target=\"_blank\" rel=\"noreferrer noopener\">Juin 2022<\/a><br><a href=\"https:\/\/vuarnesson.ovh\/wp-content\/uploads\/2023\/09\/CRCM-10-mai-2022.pdf\" target=\"_blank\" rel=\"noreferrer noopener\">Mai 2022<\/a><br><a href=\"https:\/\/vuarnesson.ovh\/wp-content\/uploads\/2023\/09\/CRCM-4-avril-2022.pdf\" target=\"_blank\" rel=\"noreferrer noopener\">Avril 2022<\/a><br><a href=\"https:\/\/vuarnesson.ovh\/wp-content\/uploads\/2023\/09\/CRCM-7-mars-2022.pdf\" target=\"_blank\" rel=\"noreferrer noopener\">Mars 2022<\/a><br><a href=\"https:\/\/vuarnesson.ovh\/wp-content\/uploads\/2023\/09\/CRCM-7-fev-2022.pdf\" target=\"_blank\" rel=\"noreferrer noopener\">F\u00e9vrier 2022<\/a><br><a href=\"https:\/\/vuarnesson.ovh\/wp-content\/uploads\/2023\/09\/CRCM-10-janv-2022.pdf\" target=\"_blank\" rel=\"noreferrer noopener\">Janvier 2022<\/a><br><br>Ann\u00e9e 2021<br><a href=\"https:\/\/vuarnesson.ovh\/wp-content\/uploads\/2023\/09\/CRCM-6-dec-2021.pdf\" target=\"_blank\" rel=\"noreferrer noopener\">D\u00e9cembre 2021<\/a><br><a href=\"https:\/\/vuarnesson.ovh\/wp-content\/uploads\/2023\/09\/CRCM-8-nov-2021.pdf\" target=\"_blank\" rel=\"noreferrer noopener\">Novembre 2021<\/a><br><a href=\"https:\/\/vuarnesson.ovh\/wp-content\/uploads\/2023\/09\/CRCM-11-oct-2021.pdf\" target=\"_blank\" rel=\"noreferrer noopener\">Octobre 2021<\/a><br><a href=\"https:\/\/vuarnesson.ovh\/wp-content\/uploads\/2023\/09\/CRCM-6-sept-2021.pdf\" target=\"_blank\" rel=\"noreferrer noopener\">Septembre 2021<\/a> <br><br><\/p>\n","protected":false},"excerpt":{"rendered":"<p>Ann\u00e9e 2025 D\u00e9cembre 2025Novembre 2025Octobre 2025Septembre2025Juin 2025Mai 2025Avril 2025Mars 2025F\u00e9vrier 2025Janvier 2025 Ann\u00e9e 2024D\u00e9cembre 2024Novembre 2024Octobre 2024Septembre 2024Juillet 2024Juin 2024Mai 2024Avril 2024Mars 2024F\u00e9vrier 2024Janvier 2024 Ann\u00e9e 2023D\u00e9cembre 2023Novembre (13) 2023Octobre &hellip; <\/p>\n<p class=\"link-more\"><a href=\"https:\/\/vuarnesson.ovh\/?page_id=3654\" class=\"more-link\">Continuer la lecture<span class=\"screen-reader-text\"> de &laquo;&nbsp;Comptes-rendus de conseils municipaux&nbsp;&raquo;<\/span><\/a><\/p>\n","protected":false},"author":3,"featured_media":0,"parent":0,"menu_order":0,"comment_status":"closed","ping_status":"closed","template":"","meta":{"footnotes":""},"class_list":["post-3654","page","type-page","status-publish","hentry"],"_links":{"self":[{"href":"https:\/\/vuarnesson.ovh\/index.php?rest_route=\/wp\/v2\/pages\/3654","targetHints":{"allow":["GET"]}}],"collection":[{"href":"https:\/\/vuarnesson.ovh\/index.php?rest_route=\/wp\/v2\/pages"}],"about":[{"href":"https:\/\/vuarnesson.ovh\/index.php?rest_route=\/wp\/v2\/types\/page"}],"author":[{"embeddable":true,"href":"https:\/\/vuarnesson.ovh\/index.php?rest_route=\/wp\/v2\/users\/3"}],"replies":[{"embeddable":true,"href":"https:\/\/vuarnesson.ovh\/index.php?rest_route=%2Fwp%2Fv2%2Fcomments&post=3654"}],"version-history":[{"count":0,"href":"https:\/\/vuarnesson.ovh\/index.php?rest_route=\/wp\/v2\/pages\/3654\/revisions"}],"wp:attachment":[{"href":"https:\/\/vuarnesson.ovh\/index.php?rest_route=%2Fwp%2Fv2%2Fmedia&parent=3654"}],"curies":[{"name":"wp","href":"https:\/\/api.w.org\/{rel}","templated":true}]}}