{"id":18,"date":"2019-02-08T18:38:17","date_gmt":"2019-02-08T17:38:17","guid":{"rendered":"http:\/\/anche.website\/?page_id=18"},"modified":"2019-02-08T18:38:17","modified_gmt":"2019-02-08T17:38:17","slug":"la-commune","status":"publish","type":"page","link":"https:\/\/vuarnesson.ovh\/?page_id=18","title":{"rendered":"La commune"},"content":{"rendered":"\n<div class=\"wp-block-image\"><figure class=\"alignright is-resized\"><img loading=\"lazy\" decoding=\"async\" src=\"https:\/\/vuarnesson.ovh\/wp-content\/uploads\/2019\/03\/Vignettes100020.png\" alt=\"\" class=\"wp-image-305\" width=\"332\" height=\"199\" srcset=\"https:\/\/vuarnesson.ovh\/wp-content\/uploads\/2019\/03\/Vignettes100020.png 1000w, https:\/\/vuarnesson.ovh\/wp-content\/uploads\/2019\/03\/Vignettes100020-300x180.png 300w, https:\/\/vuarnesson.ovh\/wp-content\/uploads\/2019\/03\/Vignettes100020-768x461.png 768w\" sizes=\"auto, (max-width: 332px) 100vw, 332px\" \/><\/figure><\/div>\n\n\n<p><span style=\"color: #ffcc99;\"><a style=\"color: #ffcc99;\" href=\"https:\/\/vuarnesson.ovh\/index.php\/presentation\/\">Pr\u00e9sentation<\/a><br \/><\/span><a href=\"https:\/\/vuarnesson.ovh\/la-municipalite\/equipe-municipale\/\"><span style=\"color: #ffcc99;\">La Municipalit\u00e9<\/span><\/a><br \/>&#8211; <a href=\"https:\/\/vuarnesson.ovh\/la-municipalite\/commissions-et-delegations\/\">Commissions et D\u00e9l\u00e9gations<\/a><br \/><a href=\"https:\/\/vuarnesson.ovh\/la-municipalite\/bulletins-municipaux\/\"><span style=\"color: #ffcc99;\">Bulletins municipaux<\/span><\/a><br \/><a href=\"https:\/\/vuarnesson.ovh\/la-commune\/environnement\/\"><span style=\"color: #ffcc99;\">Environnement<\/span><\/a><br \/><a href=\"https:\/\/vuarnesson.ovh\/index.php\/patrimoine\/\"><span style=\"color: #ffcc99;\">Patrimoine<\/span><\/a><br \/>&#8211; <a href=\"https:\/\/vuarnesson.ovh\/la-commune\/patrimoine\/la-pictave\/\">La poule pictave<\/a><br \/>&#8211; <a href=\"https:\/\/vuarnesson.ovh\/la-commune\/patrimoine\/leglise\/\">L&rsquo;\u00e9glise<\/a><br \/>&#8211; <a href=\"https:\/\/vuarnesson.ovh\/la-commune\/histoire\/les-sarcophages\/\">Les sarcophages<\/a><br \/>&#8211; <a href=\"https:\/\/vuarnesson.ovh\/la-commune\/patrimoine\/le-moulin-de-la-planche\/\">Le moulin de La Planche<\/a><br \/>&#8211; <a href=\"https:\/\/vuarnesson.ovh\/la-commune\/patrimoine\/le-moulin-de-sichard\/\">Le moulin de Sichard<\/a><br \/>&#8211; <a href=\"https:\/\/vuarnesson.ovh\/la-commune\/patrimoine\/le-pont\/\">Le pont<\/a><br \/>&#8211; <a href=\"https:\/\/vuarnesson.ovh\/la-commune\/patrimoine\/le-chateau-de-villenon\/\">Le ch\u00e2teau de Villenon<\/a><br \/>&#8211; <a href=\"https:\/\/vuarnesson.ovh\/la-commune\/patrimoine\/le-chateau-de-fontsalmois\/\">Le ch\u00e2teau de Fonsalmois<\/a><br \/>&#8211; <a href=\"https:\/\/vuarnesson.ovh\/la-commune\/patrimoine\/chateau-du-cedre\/\">Le ch\u00e2teau du C\u00e8dre<\/a><br \/>&#8211; <a href=\"https:\/\/vuarnesson.ovh\/la-commune\/patrimoine\/chateau-d-anche\/\">Le ch\u00e2teau d&rsquo;Anch\u00e9<\/a><br \/>&#8211; <a href=\"https:\/\/vuarnesson.ovh\/la-commune\/patrimoine\/le-manoir-du-plessis\/\">Le manoir du Plessis<\/a><br \/><a href=\"https:\/\/vuarnesson.ovh\/index.php\/histoire\/\"><span style=\"color: #ffcc99;\">Histoire<\/span><\/a><br \/>&#8211; <a href=\"https:\/\/vuarnesson.ovh\/la-commune\/histoire\/cartes-postales-anciennes\/\">Cartes postales anciennes<\/a><br \/>&#8211; <a href=\"https:\/\/vuarnesson.ovh\/la-commune\/histoire\/anciacus\/\">Anciacus<\/a><br \/>&#8211; <a href=\"https:\/\/vuarnesson.ovh\/la-commune\/histoire\/les-sarcophages\/\">Les sarcophages<\/a><br \/>&#8211; <a href=\"https:\/\/vuarnesson.ovh\/la-commune\/histoire\/robert-danche\/\">Robert d&rsquo;Anch\u00e9<\/a><br \/>&#8211; <a href=\"https:\/\/vuarnesson.ovh\/la-commune\/histoire\/pierre-danche\/\">Pierre d&rsquo;Anch\u00e9<\/a><br \/>&#8211; <a href=\"https:\/\/vuarnesson.ovh\/la-commune\/histoire\/claude-du-bellay-danche\/\">Claude du Bellay d&rsquo;Anch\u00e9<\/a><br \/>&#8211; <a href=\"https:\/\/vuarnesson.ovh\/la-commune\/histoire\/antoine-rene-hyacinthe-thibaudeau-et-antoine-clair-thibaudeau\/\">Antoine Ren\u00e9 Hyacinthe Thibaudeau et Antoine Clair Thibaudeau<\/a><\/p>\n\n\n<p><\/p>\n","protected":false},"excerpt":{"rendered":"<p>Pr\u00e9sentationLa Municipalit\u00e9&#8211; Commissions et D\u00e9l\u00e9gationsBulletins municipauxEnvironnementPatrimoine&#8211; La poule pictave&#8211; L&rsquo;\u00e9glise&#8211; Les sarcophages&#8211; Le moulin de La Planche&#8211; Le moulin de Sichard&#8211; Le pont&#8211; Le ch\u00e2teau de Villenon&#8211; Le ch\u00e2teau de &hellip; <\/p>\n<p class=\"link-more\"><a href=\"https:\/\/vuarnesson.ovh\/?page_id=18\" class=\"more-link\">Continuer la lecture<span class=\"screen-reader-text\"> de &laquo;&nbsp;La commune&nbsp;&raquo;<\/span><\/a><\/p>\n","protected":false},"author":1,"featured_media":0,"parent":0,"menu_order":0,"comment_status":"closed","ping_status":"closed","template":"","meta":{"footnotes":""},"class_list":["post-18","page","type-page","status-publish","hentry"],"_links":{"self":[{"href":"https:\/\/vuarnesson.ovh\/index.php?rest_route=\/wp\/v2\/pages\/18","targetHints":{"allow":["GET"]}}],"collection":[{"href":"https:\/\/vuarnesson.ovh\/index.php?rest_route=\/wp\/v2\/pages"}],"about":[{"href":"https:\/\/vuarnesson.ovh\/index.php?rest_route=\/wp\/v2\/types\/page"}],"author":[{"embeddable":true,"href":"https:\/\/vuarnesson.ovh\/index.php?rest_route=\/wp\/v2\/users\/1"}],"replies":[{"embeddable":true,"href":"https:\/\/vuarnesson.ovh\/index.php?rest_route=%2Fwp%2Fv2%2Fcomments&post=18"}],"version-history":[{"count":0,"href":"https:\/\/vuarnesson.ovh\/index.php?rest_route=\/wp\/v2\/pages\/18\/revisions"}],"wp:attachment":[{"href":"https:\/\/vuarnesson.ovh\/index.php?rest_route=%2Fwp%2Fv2%2Fmedia&parent=18"}],"curies":[{"name":"wp","href":"https:\/\/api.w.org\/{rel}","templated":true}]}}