{"id":1447,"date":"2019-03-23T14:45:39","date_gmt":"2019-03-23T13:45:39","guid":{"rendered":"https:\/\/anche.website\/?page_id=1447"},"modified":"2019-03-23T14:45:39","modified_gmt":"2019-03-23T13:45:39","slug":"environnement","status":"publish","type":"page","link":"https:\/\/vuarnesson.ovh\/?page_id=1447","title":{"rendered":"Environnement"},"content":{"rendered":"\n<h2 class=\"wp-block-heading\">La fritillaire pintade<\/h2>\n\n\n\n<figure class=\"wp-block-image is-resized\"><img loading=\"lazy\" decoding=\"async\" src=\"https:\/\/vuarnesson.ovh\/wp-content\/uploads\/2019\/03\/fritillaire.jpg\" alt=\"\" class=\"wp-image-1448\" width=\"439\" height=\"299\" srcset=\"https:\/\/vuarnesson.ovh\/wp-content\/uploads\/2019\/03\/fritillaire.jpg 591w, https:\/\/vuarnesson.ovh\/wp-content\/uploads\/2019\/03\/fritillaire-300x204.jpg 300w\" sizes=\"auto, (max-width: 439px) 100vw, 439px\" \/><figcaption><em>Fritillaria meleagris<\/em><\/figcaption><\/figure>\n\n\n\n<p>La fritillaire pintade est une plante end\u00e9mique europ\u00e9enne.<br>Dans certains pays, elle a disparu ou se fait tr\u00e8s rare. Dans de nombreux d\u00e9partements de France, elle est prot\u00e9g\u00e9e.<br> A Anch\u00e9, nous avons la chance de la voir.  \u00c0 chaque printemps, elle vient colorer les bords du Clain.<\/p>\n","protected":false},"excerpt":{"rendered":"<p>La fritillaire pintade La fritillaire pintade est une plante end\u00e9mique europ\u00e9enne.Dans certains pays, elle a disparu ou se fait tr\u00e8s rare. Dans de nombreux d\u00e9partements de France, elle est prot\u00e9g\u00e9e. &hellip; <\/p>\n<p class=\"link-more\"><a href=\"https:\/\/vuarnesson.ovh\/?page_id=1447\" class=\"more-link\">Continuer la lecture<span class=\"screen-reader-text\"> de &laquo;&nbsp;Environnement&nbsp;&raquo;<\/span><\/a><\/p>\n","protected":false},"author":3,"featured_media":0,"parent":18,"menu_order":0,"comment_status":"closed","ping_status":"closed","template":"","meta":{"footnotes":""},"class_list":["post-1447","page","type-page","status-publish","hentry"],"_links":{"self":[{"href":"https:\/\/vuarnesson.ovh\/index.php?rest_route=\/wp\/v2\/pages\/1447","targetHints":{"allow":["GET"]}}],"collection":[{"href":"https:\/\/vuarnesson.ovh\/index.php?rest_route=\/wp\/v2\/pages"}],"about":[{"href":"https:\/\/vuarnesson.ovh\/index.php?rest_route=\/wp\/v2\/types\/page"}],"author":[{"embeddable":true,"href":"https:\/\/vuarnesson.ovh\/index.php?rest_route=\/wp\/v2\/users\/3"}],"replies":[{"embeddable":true,"href":"https:\/\/vuarnesson.ovh\/index.php?rest_route=%2Fwp%2Fv2%2Fcomments&post=1447"}],"version-history":[{"count":0,"href":"https:\/\/vuarnesson.ovh\/index.php?rest_route=\/wp\/v2\/pages\/1447\/revisions"}],"up":[{"embeddable":true,"href":"https:\/\/vuarnesson.ovh\/index.php?rest_route=\/wp\/v2\/pages\/18"}],"wp:attachment":[{"href":"https:\/\/vuarnesson.ovh\/index.php?rest_route=%2Fwp%2Fv2%2Fmedia&parent=1447"}],"curies":[{"name":"wp","href":"https:\/\/api.w.org\/{rel}","templated":true}]}}